{"id":1627,"date":"2025-12-26T16:30:01","date_gmt":"2025-12-26T21:00:01","guid":{"rendered":"https:\/\/antropologiasdelsur.org\/?page_id=1627"},"modified":"2025-12-26T16:30:01","modified_gmt":"2025-12-26T21:00:01","slug":"congresos-anteriores","status":"publish","type":"page","link":"https:\/\/antropologiasdelsur.org\/?page_id=1627","title":{"rendered":"Congresos Anteriores"},"content":{"rendered":"","protected":false},"excerpt":{"rendered":"","protected":false},"author":1,"featured_media":0,"parent":0,"menu_order":0,"comment_status":"closed","ping_status":"closed","template":"","meta":{"footnotes":""},"class_list":["post-1627","page","type-page","status-publish","hentry"],"jetpack_sharing_enabled":true,"jetpack_shortlink":"https:\/\/wp.me\/P7en3k-qf","jetpack-related-posts":[{"id":2,"url":"https:\/\/antropologiasdelsur.org\/?page_id=2","url_meta":{"origin":1627,"position":0},"title":"Primer Congreso","author":"petrizzo","date":"04\/06\/2015","format":false,"excerpt":"PRIMER CONGRESO INTERNACIONAL DE ANTROPOLOG\u00cdAS DEL SUR 2016 FECHAS IMPORTANTES: Inscripciones: la preinscripci\u00f3n se realizar\u00e1 por la p\u00e1gina electr\u00f3nica, que pronto se anunciar\u00e1; pueden enviar para su evaluaci\u00f3n los res\u00famenes de ponencia por el correo electr\u00f3nico: congresoantropologiadelsur2016@gmail.com. La inscripci\u00f3n ser\u00e1 presencial el 10\/10\/2016 y la inauguraci\u00f3n se har\u00e1 ese mismo\u2026","rel":"","context":"Con 2 comentarios","block_context":{"text":"Con 2 comentarios","link":"https:\/\/antropologiasdelsur.org\/?page_id=2#comments"},"img":{"alt_text":"","src":"","width":0,"height":0},"classes":[]},{"id":1586,"url":"https:\/\/antropologiasdelsur.org\/?page_id=1586","url_meta":{"origin":1627,"position":1},"title":"Tercer Congreso Internacional de Antropolog\u00edas del Sur","author":"petrizzo","date":"26\/12\/2025","format":false,"excerpt":"3ER CONGRESO INTERNACIONAL DE ANTROPOLOG\u00cdA DEL SUR 2026.\u00a0\u201cLAS ANTROPOLOG\u00cdAS DEL SUR FRENTE A UN MUNDO EN CONFLICTO: RETOS EPISTEMOL\u00d3GICOS, \u00c9TICOS Y POL\u00cdTICOS\u201d.\u00a0FOZ DE IGUA\u00c7\u00da, BRASIL Fecha:\u00a04, 5 y 6 de noviembre de 2026Sitio web del evento:\u00a0https:\/\/antropologiasdelsur.orgCorreo electr\u00f3nico del evento:\u00a0congreso@antropologiasdelsur.orgPRESENTACI\u00d3NAm\u00e9rica Latina y el Caribe, al igual que la mayor\u00eda de las\u2026","rel":"","context":"Entrada similar","block_context":{"text":"Entrada similar","link":""},"img":{"alt_text":"","src":"https:\/\/i0.wp.com\/antropologiasdelsur.org\/wp-content\/uploads\/2025\/12\/banner-congreso2026-PNG.png?fit=1200%2C150&ssl=1&resize=350%2C200","width":350,"height":200,"srcset":"https:\/\/i0.wp.com\/antropologiasdelsur.org\/wp-content\/uploads\/2025\/12\/banner-congreso2026-PNG.png?fit=1200%2C150&ssl=1&resize=350%2C200 1x, https:\/\/i0.wp.com\/antropologiasdelsur.org\/wp-content\/uploads\/2025\/12\/banner-congreso2026-PNG.png?fit=1200%2C150&ssl=1&resize=525%2C300 1.5x, https:\/\/i0.wp.com\/antropologiasdelsur.org\/wp-content\/uploads\/2025\/12\/banner-congreso2026-PNG.png?fit=1200%2C150&ssl=1&resize=700%2C400 2x, https:\/\/i0.wp.com\/antropologiasdelsur.org\/wp-content\/uploads\/2025\/12\/banner-congreso2026-PNG.png?fit=1200%2C150&ssl=1&resize=1050%2C600 3x"},"classes":[]}],"_links":{"self":[{"href":"https:\/\/antropologiasdelsur.org\/index.php?rest_route=\/wp\/v2\/pages\/1627","targetHints":{"allow":["GET"]}}],"collection":[{"href":"https:\/\/antropologiasdelsur.org\/index.php?rest_route=\/wp\/v2\/pages"}],"about":[{"href":"https:\/\/antropologiasdelsur.org\/index.php?rest_route=\/wp\/v2\/types\/page"}],"author":[{"embeddable":true,"href":"https:\/\/antropologiasdelsur.org\/index.php?rest_route=\/wp\/v2\/users\/1"}],"replies":[{"embeddable":true,"href":"https:\/\/antropologiasdelsur.org\/index.php?rest_route=%2Fwp%2Fv2%2Fcomments&post=1627"}],"version-history":[{"count":1,"href":"https:\/\/antropologiasdelsur.org\/index.php?rest_route=\/wp\/v2\/pages\/1627\/revisions"}],"predecessor-version":[{"id":1629,"href":"https:\/\/antropologiasdelsur.org\/index.php?rest_route=\/wp\/v2\/pages\/1627\/revisions\/1629"}],"wp:attachment":[{"href":"https:\/\/antropologiasdelsur.org\/index.php?rest_route=%2Fwp%2Fv2%2Fmedia&parent=1627"}],"curies":[{"name":"wp","href":"https:\/\/api.w.org\/{rel}","templated":true}]}}