{"id":1712,"date":"2026-01-10T16:19:49","date_gmt":"2026-01-10T20:49:49","guid":{"rendered":"https:\/\/antropologiasdelsur.org\/?page_id=1712"},"modified":"2026-04-06T20:42:21","modified_gmt":"2026-04-07T01:12:21","slug":"modalidades-de-participacion","status":"publish","type":"page","link":"https:\/\/antropologiasdelsur.org\/?page_id=1712","title":{"rendered":"Modalidades de participaci\u00f3n"},"content":{"rendered":"\t\t<div data-elementor-type=\"wp-page\" data-elementor-id=\"1712\" class=\"elementor elementor-1712\">\n\t\t\t\t<div class=\"elementor-element elementor-element-e305c85 e-flex e-con-boxed e-con e-parent\" data-id=\"e305c85\" data-element_type=\"container\" data-e-type=\"container\">\n\t\t\t\t\t<div class=\"e-con-inner\">\n\t\t\t\t<div class=\"elementor-element elementor-element-c5a65cd elementor-widget elementor-widget-text-editor\" data-id=\"c5a65cd\" data-element_type=\"widget\" data-e-type=\"widget\" data-widget_type=\"text-editor.default\">\n\t\t\t\t\t\t\t\t\t<h2><span style=\"color: #339966;\"><strong>EN ESPA\u00d1OL:<\/strong><\/span><\/h2><h4 style=\"font-weight: 400;\">Se abrir\u00e1n tres modalidades p\u00fablicas de participaci\u00f3n\u00a0y una modalidad interna\u00a0en el <strong>3er Congreso Internacional de Antropolog\u00edas del Sur<\/strong>, esta \u00faltima propuesta por el Comit\u00e9 Organizador y Comit\u00e9 Acad\u00e9mico del congreso:<\/h4><ol style=\"font-weight: 400;\"><li><h4><strong>Grupos de Trabajo (GT): <\/strong>la intenci\u00f3n es que se presenten grupos que est\u00e9n desarrollando una tem\u00e1tica en colectivo para que, con esta propuesta, puedan intercambiar con colegas del \u00e1rea de otros pa\u00edses, hacer conexiones y ampliar el mismo GT. Si bien la modalidad es participar con presentaciones\/ponencias, se privilegiar\u00e1 el intercambio entre participantes.<\/h4><\/li><li><h4><strong>Presentaci\u00f3n de publicaciones:<\/strong> se podr\u00e1n postular publicaciones y n\u00fameros de revistas en antropolog\u00eda de los \u00faltimos 4 a\u00f1os (2023-2026). Se pueden hacer propuestas en torno a: un libro, una colecci\u00f3n de libros, un proyecto editorial y un conjunto de revistas que abarque este per\u00edodo.<\/h4><\/li><li><h4><strong>Presentaci\u00f3n de trabajos de antropolog\u00eda audiovisual:<\/strong> videos etnogr\u00e1ficos y presentaciones fotogr\u00e1ficas digitales.<\/h4><\/li><li><h4><strong>Mesas redondas centrales:<\/strong> organizadas por el Comit\u00e9 Acad\u00e9mico y el Comit\u00e9 Organizador del congreso, con invitados\/as especiales. Se discutir\u00e1n las tem\u00e1ticas centrales del evento.<\/h4><\/li><\/ol><h4 style=\"font-weight: 400;\">La producci\u00f3n escrita tanto de Grupos de Trabajo como de las Mesas redondas centrales ser\u00e1 publicada en libros arbitrados postcongreso.<\/h4><ol><li style=\"font-weight: 400;\"><h3><strong> Grupos de Trabajo: <\/strong><\/h3><\/li><\/ol><h4 style=\"font-weight: 400;\">Se invita a hacer grupos de trabajo con dos personas coordinadoras (de diferentes pa\u00edses), una moderadora y un m\u00e1ximo de 7 participantes cada uno, es decir, 7 presentaciones por grupo de trabajo. Para la postulaci\u00f3n en la 1era Convocatoria, se exigir\u00e1n 2 presentaciones\/ponencias. Estos ser\u00edan los lineamientos:<\/h4><ul><li><h4>Presentar un equipo que incluya: dos personas coordinadoras (de diferentes pa\u00edses), una persona moderadora, con sus afiliaciones institucionales y pa\u00edses. Se requiere que las propuestas de GT respeten la equidad de g\u00e9nero.<\/h4><\/li><li><h4>De la postulaci\u00f3n del GT se pide: t\u00edtulo (no m\u00e1s de 20 palabras), un resumen (hasta 500 palabras). De las 2 presentaciones\/ponencias se pide: (1) nombre y apellidos de ponentes, sus afiliaciones institucionales, pa\u00edses, grado acad\u00e9mico; (2) t\u00edtulo de la ponencia (hasta 18 palabras); (3) resumen de la presentaci\u00f3n\/ponencia (hasta 300 palabras).<\/h4><\/li><\/ul><h4 style=\"font-weight: 400;\"><strong>Fecha de apertura de la convocatoria de GT\u2019s: <\/strong>enero de 2026.<\/h4><h3><a href=\"https:\/\/antropologiasdelsur.org\/?page_id=1863\"><strong>Inscripciones de grupos de trabajo desde este enlace<\/strong><\/a><\/h3><h4 style=\"font-weight: 400;\"><strong>Fecha de cierre de postulaciones de GT\u2019s: <\/strong>15 de abril de 2026.<\/h4><h4 style=\"font-weight: 400;\"><strong>Publicaci\u00f3n de GT\u2019s aceptados: <\/strong>1ro de mayo de 2026.<\/h4><h4><strong>Trabajos de Antropolog\u00eda Visual <a href=\"https:\/\/antropologiasdelsur.org\/?page_id=2153\">M\u00e1s informaci\u00f3n en este enlace<\/a><\/strong><\/h4><h2 style=\"font-weight: 400;\"><span style=\"color: #339966;\"><strong>EN PORTUGU\u00c9S<\/strong><\/span><\/h2><h4 style=\"font-weight: 400;\">Tr\u00eas op\u00e7\u00f5es de participa\u00e7\u00e3o p\u00fablica e uma op\u00e7\u00e3o interna estar\u00e3o dispon\u00edveis, esta \u00faltima proposta pelos Comit\u00eas Organizador e Acad\u00eamico do Congresso:<\/h4><ol><li><h4><strong>Grupos de Trabalho (GTs): <\/strong>A inten\u00e7\u00e3o \u00e9 que grupos que desenvolvem um tema coletivamente participem, permitindo-lhes trocar ideias com colegas da \u00e1rea de outros pa\u00edses, estabelecer conex\u00f5es e expandir seus GTs. Embora a participa\u00e7\u00e3o envolva apresenta\u00e7\u00f5es, o foco ser\u00e1 na intera\u00e7\u00e3o entre os participantes.<\/h4><\/li><li><h4><strong>Submiss\u00e3o de Publica\u00e7\u00f5es:<\/strong> Podem ser submetidas publica\u00e7\u00f5es e edi\u00e7\u00f5es de peri\u00f3dicos em antropologia dos \u00faltimos quatro anos (2023-2026). As propostas podem incluir: um livro, uma s\u00e9rie de livros, um projeto editorial ou uma cole\u00e7\u00e3o de peri\u00f3dicos que abranjam esse per\u00edodo.<\/h4><\/li><li><h4><strong>Trabalhos Audiovisuais em Antropologia: <\/strong>V\u00eddeos etnogr\u00e1ficos e apresenta\u00e7\u00f5es fotogr\u00e1ficas digitais.<\/h4><\/li><li><h4><strong>Mesas-redondas Centrais:<\/strong> Organizadas pelos Comit\u00eas Acad\u00eamico e Organizador do Congresso, com convidados especiais. Os temas centrais do evento ser\u00e3o discutidos. Os resultados escritos dos Grupos de Trabalho e das Mesas Redondas centrais ser\u00e3o publicados em livros p\u00f3s-congresso com revis\u00e3o por pares.<\/h4><\/li><\/ol><ol><li style=\"font-weight: 400;\"><h3><strong> Grupos de Trabalho:<\/strong><\/h3><\/li><\/ol><h4>Os participantes s\u00e3o convidados a formar grupos de trabalho com dois coordenadores (de pa\u00edses diferentes), um moderador e um m\u00e1ximo de 7 participantes cada, o que significa 7 apresenta\u00e7\u00f5es por grupo de trabalho. Para candidaturas \u00e0 1\u00aa Chamada de Propostas, s\u00e3o necess\u00e1rias duas apresenta\u00e7\u00f5es\/artigos. As diretrizes s\u00e3o as seguintes:<\/h4><ul><li><h4>Submeta uma equipe que inclua: dois coordenadores (de pa\u00edses diferentes), um moderador, com suas respectivas afilia\u00e7\u00f5es institucionais e pa\u00edses. As propostas de Grupos de Trabalho devem respeitar a equidade de g\u00eanero.<\/h4><\/li><li><h4>A candidatura para o Grupo de Trabalho requer: um t\u00edtulo (m\u00e1ximo de 20 palavras) e um resumo (at\u00e9 500 palavras). As duas apresenta\u00e7\u00f5es requerem: (1) os nomes e sobrenomes dos apresentadores, suas afilia\u00e7\u00f5es institucionais, pa\u00edses e titula\u00e7\u00f5es acad\u00eamicas; (2) T\u00edtulo da apresenta\u00e7\u00e3o (at\u00e9 18 palavras); (3) Resumo da apresenta\u00e7\u00e3o (at\u00e9 300 palavras).<\/h4><\/li><\/ul><h4 style=\"font-weight: 400;\">\u00a0<\/h4><h4 style=\"font-weight: 400;\"><strong>Abertura da Chamada para Grupos de Trabalho (GTs): <\/strong>janeiro de 2026.<\/h4><h3><a href=\"https:\/\/antropologiasdelsur.org\/?page_id=1863\"><strong>Inscri\u00e7\u00f5es para grupos de trabalho atrav\u00e9s deste link<\/strong><\/a><\/h3><h4 style=\"font-weight: 400;\"><strong>Prazo para submiss\u00e3o de GTs:<\/strong> 15 de abril de 2026.<\/h4><h4 style=\"font-weight: 400;\"><strong>Publica\u00e7\u00e3o dos GTs aceitos: <\/strong>1\u00ba de maio de 2026.<\/h4><h4><strong>Trabalhos de Antropologia Visual. <a href=\"https:\/\/antropologiasdelsur.org\/?page_id=2153\">Mais informa\u00e7\u00f5es neste link<\/a><\/strong><\/h4>\t\t\t\t\t\t\t\t<\/div>\n\t\t\t\t\t<\/div>\n\t\t\t\t<\/div>\n\t\t\t\t<\/div>\n\t\t","protected":false},"excerpt":{"rendered":"<p>EN ESPA\u00d1OL: Se abrir\u00e1n tres modalidades p\u00fablicas de participaci\u00f3n\u00a0y una modalidad interna\u00a0en el 3er Congreso Internacional de Antropolog\u00edas del Sur, esta \u00faltima propuesta por el Comit\u00e9 Organizador y Comit\u00e9 Acad\u00e9mico del congreso: Grupos de Trabajo (GT): la intenci\u00f3n es que se presenten grupos que est\u00e9n desarrollando una tem\u00e1tica en colectivo para que, con esta propuesta,<\/p>\n<p><a href=\"https:\/\/antropologiasdelsur.org\/?page_id=1712\" class=\"more-link themebutton\">Leer m\u00e1s<\/a><\/p>\n","protected":false},"author":2,"featured_media":0,"parent":0,"menu_order":0,"comment_status":"closed","ping_status":"closed","template":"","meta":{"footnotes":""},"class_list":["post-1712","page","type-page","status-publish","hentry"],"jetpack_sharing_enabled":true,"jetpack_shortlink":"https:\/\/wp.me\/P7en3k-rC","jetpack-related-posts":[{"id":78,"url":"https:\/\/antropologiasdelsur.org\/?page_id=78","url_meta":{"origin":1712,"position":0},"title":"Circulares","author":"petrizzo","date":"12\/09\/2015","format":false,"excerpt":"1ERA CIRCULARCompartimos la 1era Circular del 3er Congreso Internacional de Antropolog\u00edas del Sur 2026, donde se explican los ejes tem\u00e1ticos, las modalidades de participaci\u00f3n y el cronograma. \/\u00a0Compartilhamos a 1\u00aa Circular do 3\u00ba Congresso Internacional de Antropologias do Sul de 2026, que explica os eixos tem\u00e1ticos, as modalidades de participa\u00e7\u00e3o\u2026","rel":"","context":"Entrada similar","block_context":{"text":"Entrada similar","link":""},"img":{"alt_text":"","src":"","width":0,"height":0},"classes":[]},{"id":519,"url":"https:\/\/antropologiasdelsur.org\/?page_id=519","url_meta":{"origin":1712,"position":1},"title":"Inscripci\u00f3n","author":"Diego Camilo Figueroa","date":"12\/08\/2019","format":false,"excerpt":"En esta primera etapa, el 2\u00b0 Congreso Internacional de Antropolog\u00edas del Sur 2019 contar\u00e1 con la modalidad de participaci\u00f3n de SIMPOSIOS, TALLERES, MESAS DE TRABAJO Y CONVERSATORIOS: SIMPOSIOS: consisten en un conjunto de ponencias (individuales o colectivas) agrupadas en torno a un tema central. De acuerdo con los ejes tem\u00e1ticos\u2026","rel":"","context":"Entrada similar","block_context":{"text":"Entrada similar","link":""},"img":{"alt_text":"","src":"","width":0,"height":0},"classes":[]},{"id":500,"url":"https:\/\/antropologiasdelsur.org\/?page_id=500","url_meta":{"origin":1712,"position":2},"title":"Barinas","author":"Diego Camilo Figueroa","date":"12\/08\/2019","format":false,"excerpt":"2\u00b0 Congreso Internacional de Antropolog\u00edas del Sur 2022(Cap\u00edtulo Barinas-Venezuela)\u201cTerritorio, Sociedad y Cultura\u201d 08-10 de noviembre del 2022 \"El horizonte y yo vamos\/solos por la llana tierra:\/ me enlaz\u00f3 todos los rumbos\/su audacia de soga abierta\" Alberto Arvelo Torrealba \u00a0 \"\u00a1\u00a1Qui\u00e9n dice que el Sur no es llano\u2026!!\" Manuel D\u00edaz Rivas\u2026","rel":"","context":"Entrada similar","block_context":{"text":"Entrada similar","link":""},"img":{"alt_text":"","src":"https:\/\/i0.wp.com\/antropologiasdelsur.org\/wp-content\/uploads\/2022\/10\/AFICHE-NUEVO-Capi%CC%81tulo-Barinas-2-BR-300x226.jpg?resize=350%2C200","width":350,"height":200,"srcset":"https:\/\/i0.wp.com\/antropologiasdelsur.org\/wp-content\/uploads\/2022\/10\/AFICHE-NUEVO-Capi%CC%81tulo-Barinas-2-BR-300x226.jpg?resize=350%2C200 1x, https:\/\/i0.wp.com\/antropologiasdelsur.org\/wp-content\/uploads\/2022\/10\/AFICHE-NUEVO-Capi%CC%81tulo-Barinas-2-BR-300x226.jpg?resize=525%2C300 1.5x"},"classes":[]},{"id":1863,"url":"https:\/\/antropologiasdelsur.org\/?page_id=1863","url_meta":{"origin":1712,"position":3},"title":"Inscripci\u00f3n 3er Congreso Internacional de Antropolog\u00edas del Sur","author":"petrizzo","date":"18\/01\/2026","format":false,"excerpt":"FORMULARIO DE INSCRIPCI\u00d3N DE GT\u2019S 3ER CONGRESO INTERNACIONAL DE ANTROPOLOG\u00cdAS DEL SUR 2026 \/ FORMUL\u00c1RIO DE INSCRI\u00c7\u00c3O DA GT PARA O 3\u00ba CONGRESSO INTERNACIONAL DE ANTROPOLOGIAS DO SUL 2026 A trav\u00e9s de este formulario puede inscribir su propuesta de Grupo de Trabajo (GT) para el 3er Congreso Internacional de Antropolog\u00edas\u2026","rel":"","context":"Entrada similar","block_context":{"text":"Entrada similar","link":""},"img":{"alt_text":"","src":"","width":0,"height":0},"classes":[]},{"id":1076,"url":"https:\/\/antropologiasdelsur.org\/?page_id=1076","url_meta":{"origin":1712,"position":4},"title":"Yaracuy","author":"Annel Mej\u00edas","date":"09\/03\/2020","format":false,"excerpt":"2\u00b0 Congreso Internacional de Antropolog\u00edas del Sur 2020 Cap\u00edtulo Yaracuy-Venezuela \u201cDesaf\u00edos te\u00f3rico-pr\u00e1cticos de las Antropolog\u00edas del Sur en Am\u00e9rica Latina y el Caribe\u201d \u00a0 Fecha: 24-25 de septiembre del 2020. Lugar: Yaracuy, Venezuela. P\u00e1gina web: https:\/\/antropologiasdelsuryarac uy.online\/ MODALIDAD VIRTUAL Segunda Circular Justificaci\u00f3n de la tem\u00e1tica central Yaracuy, situado al noroeste\u2026","rel":"","context":"Entrada similar","block_context":{"text":"Entrada similar","link":""},"img":{"alt_text":"","src":"https:\/\/i0.wp.com\/antropologiasdelsur.org\/wp-content\/uploads\/2020\/09\/AFICHE-CAPITULO-YARACUY-2-1-300x226.jpg?resize=350%2C200","width":350,"height":200,"srcset":"https:\/\/i0.wp.com\/antropologiasdelsur.org\/wp-content\/uploads\/2020\/09\/AFICHE-CAPITULO-YARACUY-2-1-300x226.jpg?resize=350%2C200 1x, https:\/\/i0.wp.com\/antropologiasdelsur.org\/wp-content\/uploads\/2020\/09\/AFICHE-CAPITULO-YARACUY-2-1-300x226.jpg?resize=525%2C300 1.5x"},"classes":[]},{"id":485,"url":"https:\/\/antropologiasdelsur.org\/","url_meta":{"origin":1712,"position":5},"title":"Inicio","author":"Diego Camilo Figueroa","date":"12\/08\/2019","format":false,"excerpt":"La Triple Frontera es un trifinio situado en el cruce de fronteras entre Argentina (Puerto de Iguaz\u00fa, provincia de Misiones), Brasil (Foz de Igua\u00e7u, estado de Paran\u00e1) y Paraguay (Presidente Franco y Ciudad del Este, departamento de Alto Paran\u00e1), cerca de las cataratas de Igua\u00e7u. \/ A Tr\u00edplice Fronteira \u00e9\u2026","rel":"","context":"Entrada similar","block_context":{"text":"Entrada similar","link":""},"img":{"alt_text":"La Triple Frontera es un trifinio situado en el cruce de fronteras entre Argentina (Puerto de Iguaz\u00fa, provincia de Misiones), Brasil (Foz de Igua\u00e7u, estado de Paran\u00e1) y Paraguay (Presidente Franco y Ciudad del Este, departamento de Alto Paran\u00e1), cerca de las cataratas de Igua\u00e7u. \/ A Tr\u00edplice Fronteira \u00e9 um ponto tr\u00edplice localizado na fronteira entre a Argentina (Puerto Iguaz\u00fa, prov\u00edncia de Misiones), o Brasil (Foz do Igua\u00e7u, estado do Paran\u00e1) e o Paraguai (Presidente Franco e Ciudad del Este, departamento do Alto Paran\u00e1), pr\u00f3ximo \u00e0s Cataratas do Igua\u00e7u. Foto: https:\/\/www.civitatis.com\/es","src":"https:\/\/i0.wp.com\/antropologiasdelsur.org\/wp-content\/uploads\/2026\/01\/1-UNILA-1024x684.jpeg?resize=350%2C200&ssl=1","width":350,"height":200,"srcset":"https:\/\/i0.wp.com\/antropologiasdelsur.org\/wp-content\/uploads\/2026\/01\/1-UNILA-1024x684.jpeg?resize=350%2C200&ssl=1 1x, https:\/\/i0.wp.com\/antropologiasdelsur.org\/wp-content\/uploads\/2026\/01\/1-UNILA-1024x684.jpeg?resize=525%2C300&ssl=1 1.5x, https:\/\/i0.wp.com\/antropologiasdelsur.org\/wp-content\/uploads\/2026\/01\/1-UNILA-1024x684.jpeg?resize=700%2C400&ssl=1 2x"},"classes":[]}],"_links":{"self":[{"href":"https:\/\/antropologiasdelsur.org\/index.php?rest_route=\/wp\/v2\/pages\/1712","targetHints":{"allow":["GET"]}}],"collection":[{"href":"https:\/\/antropologiasdelsur.org\/index.php?rest_route=\/wp\/v2\/pages"}],"about":[{"href":"https:\/\/antropologiasdelsur.org\/index.php?rest_route=\/wp\/v2\/types\/page"}],"author":[{"embeddable":true,"href":"https:\/\/antropologiasdelsur.org\/index.php?rest_route=\/wp\/v2\/users\/2"}],"replies":[{"embeddable":true,"href":"https:\/\/antropologiasdelsur.org\/index.php?rest_route=%2Fwp%2Fv2%2Fcomments&post=1712"}],"version-history":[{"count":44,"href":"https:\/\/antropologiasdelsur.org\/index.php?rest_route=\/wp\/v2\/pages\/1712\/revisions"}],"predecessor-version":[{"id":2383,"href":"https:\/\/antropologiasdelsur.org\/index.php?rest_route=\/wp\/v2\/pages\/1712\/revisions\/2383"}],"wp:attachment":[{"href":"https:\/\/antropologiasdelsur.org\/index.php?rest_route=%2Fwp%2Fv2%2Fmedia&parent=1712"}],"curies":[{"name":"wp","href":"https:\/\/api.w.org\/{rel}","templated":true}]}}