{"id":1761,"date":"2026-01-10T17:56:19","date_gmt":"2026-01-10T22:26:19","guid":{"rendered":"https:\/\/antropologiasdelsur.org\/?page_id=1761"},"modified":"2026-04-06T21:22:51","modified_gmt":"2026-04-07T01:52:51","slug":"sede","status":"publish","type":"page","link":"https:\/\/antropologiasdelsur.org\/?page_id=1761","title":{"rendered":"Sede"},"content":{"rendered":"\t\t<div data-elementor-type=\"wp-page\" data-elementor-id=\"1761\" class=\"elementor elementor-1761\">\n\t\t\t\t<div class=\"elementor-element elementor-element-2a25745 e-flex e-con-boxed e-con e-parent\" data-id=\"2a25745\" data-element_type=\"container\" data-e-type=\"container\">\n\t\t\t\t\t<div class=\"e-con-inner\">\n\t\t\t\t<div class=\"elementor-element elementor-element-3d01a62 elementor-widget elementor-widget-text-editor\" data-id=\"3d01a62\" data-element_type=\"widget\" data-e-type=\"widget\" data-widget_type=\"text-editor.default\">\n\t\t\t\t\t\t\t\t\t<h4 style=\"font-weight: 400;\">La <a href=\"https:\/\/portal.unila.edu.br\" target=\"_blank\" rel=\"noopener\"><strong>Universidade Federal da Integra\u00e7\u00e3o Latino-Americana<\/strong><\/a> (<strong>UNILA<\/strong>) fue propuesta en el a\u00f1o 2007 por el presidente Luiz In\u00e1cio Lula da Silva, quien la present\u00f3 al Congreso Nacional, y se cre\u00f3 en el 2010 para formar a profesionales comprometidos con la integraci\u00f3n latinoamericana. Comenz\u00f3 a ser estructurada en el a\u00f1o 2007 por la Comisi\u00f3n de Implanta\u00e7i\u00f3n para crear el<a href=\"https:\/\/portal.unila.edu.br\/informes\/instituto-mercosul-de-estudos-avancados\" target=\"_blank\" rel=\"noopener\"><strong> Instituto Mercosul de Estudos Avan\u00e7ados<\/strong><\/a> (<strong>IMEA<\/strong>), en convenio con la <a href=\"https:\/\/ufpr.br\" target=\"_blank\" rel=\"noopener\"><strong>Universidade Federal do Paran\u00e1<\/strong><\/a> (UFPR) y la empresa el\u00e9ctrica <a href=\"https:\/\/www.bnamericas.com\/es\/perfil-empresa\/itaipu-binacional\" target=\"_blank\" rel=\"noopener\"><strong>Itaipu Binacional<\/strong><\/a>.<\/h4><h4 style=\"font-weight: 400;\">Ofrece 29 Cursos de Graduaci\u00f3n, administrados por cuatros institutos. El <strong>3er Congreso Internacional de Antropolog\u00edas del Sur 2026<\/strong> se realizar\u00e1 con el apoyo del <a href=\"https:\/\/portal.unila.edu.br\/graduacao\/antropologia\" target=\"_blank\" rel=\"noopener\"><strong>Curso de Graduaci\u00f3n en Antropolog\u00eda \u2013 Diversidad Cultural Latino-Americana<\/strong><\/a>, del <a href=\"https:\/\/portal.unila.edu.br\/institutos\/ilaach\" target=\"_blank\" rel=\"noopener\"><strong>Instituto Latino-Americano de Arte, Cultura e Historia<\/strong><\/a> de la <strong>UNILA<\/strong>.<\/h4><h4 style=\"font-weight: 400;\">La <strong>UNILA<\/strong> posee la particularidad de contar con una matr\u00edcula compuesta por 50% de estudiantes brasile\u00f1os y el otro 50% proveniente de pa\u00edses latinoamericanos y caribe\u00f1os.<\/h4><h4 style=\"font-weight: 400;\"><strong>P\u00e1gina web de la UNILA:<\/strong> <a href=\"https:\/\/portal.unila.edu.br\/\">https:\/\/portal.unila.edu.br<\/a> \/<\/h4><h4 style=\"font-weight: 400;\">\u00a0<\/h4><h4 style=\"font-weight: 400;\">\/<\/h4><h4 style=\"font-weight: 400;\">A <a href=\"https:\/\/portal.unila.edu.br\" target=\"_blank\" rel=\"noopener\"><strong>Universidade Federal de Integra\u00e7\u00e3o Latino-Americana<\/strong><\/a> (<strong>UNILA<\/strong>) foi proposta em 2007 pelo presidente Luiz In\u00e1cio Lula da Silva, que a apresentou ao Congresso Nacional, e foi criada em 2010 para formar profissionais comprometidos com a integra\u00e7\u00e3o latino-americana. Sua estrutura\u00e7\u00e3o teve in\u00edcio em 2007 por meio da <a href=\"https:\/\/portal.unila.edu.br\/informes\/instituto-mercosul-de-estudos-avancados\" target=\"_blank\" rel=\"noopener\"><strong>Comiss\u00e3o de Implementa\u00e7\u00e3o para a cria\u00e7\u00e3o do Instituto de Altos Estudos do Mercosul<\/strong><\/a> (<strong>IMEA<\/strong>), em parceria com a <a href=\"https:\/\/ufpr.br\" target=\"_blank\" rel=\"noopener\"><strong>Universidade Federal do Paran\u00e1<\/strong><\/a> (<strong>UFPR<\/strong>) e a empresa de energia hidrel\u00e9trica <a href=\"https:\/\/www.bnamericas.com\/es\/perfil-empresa\/itaipu-binacional\" target=\"_blank\" rel=\"noopener\"><strong>Itaipu Binacional<\/strong><\/a>.<\/h4><h4 style=\"font-weight: 400;\">A UNILA oferece 29 cursos de gradua\u00e7\u00e3o, administrados por quatro institutos. O <strong>3\u00ba Congresso Internacional de Antropologias do Sul<\/strong>, em 2026, ser\u00e1 realizado com o apoio do <a href=\"https:\/\/portal.unila.edu.br\/graduacao\/antropologia\" target=\"_blank\" rel=\"noopener\"><strong>Programa de Gradua\u00e7\u00e3o em Antropologia \u2013 Diversidade Cultural Latino-Americana<\/strong><\/a>, oferecido pelo <a href=\"https:\/\/portal.unila.edu.br\/institutos\/ilaach\" target=\"_blank\" rel=\"noopener\"><strong>Instituto Latino-Americano de Arte, Cultura e Hist\u00f3ria<\/strong><\/a>, da UNILA.<\/h4><h4 style=\"font-weight: 400;\">A <strong>UNILA<\/strong> possui a caracter\u00edstica singular de ter um corpo discente composto por 50% de estudantes brasileiros e os outros 50% de estudantes da Am\u00e9rica Latina e do Caribe.<\/h4><h4 style=\"font-weight: 400;\"><strong>Site da UNILA:<\/strong> <a href=\"https:\/\/portal.unila.edu.br\/\">https:\/\/portal.unila.edu.br<\/a><\/h4>\t\t\t\t\t\t\t\t<\/div>\n\t\t\t\t<div class=\"elementor-element elementor-element-eba9d85 elementor-widget elementor-widget-image\" data-id=\"eba9d85\" data-element_type=\"widget\" data-e-type=\"widget\" data-widget_type=\"image.default\">\n\t\t\t\t\t\t\t\t\t\t\t\t\t\t\t<img fetchpriority=\"high\" decoding=\"async\" data-attachment-id=\"2225\" data-permalink=\"https:\/\/antropologiasdelsur.org\/?attachment_id=2225\" data-orig-file=\"https:\/\/i0.wp.com\/antropologiasdelsur.org\/wp-content\/uploads\/2026\/04\/3-UNILA.jpeg?fit=1079%2C595&amp;ssl=1\" data-orig-size=\"1079,595\" data-comments-opened=\"1\" data-image-meta=\"{&quot;aperture&quot;:&quot;0&quot;,&quot;credit&quot;:&quot;&quot;,&quot;camera&quot;:&quot;&quot;,&quot;caption&quot;:&quot;&quot;,&quot;created_timestamp&quot;:&quot;0&quot;,&quot;copyright&quot;:&quot;&quot;,&quot;focal_length&quot;:&quot;0&quot;,&quot;iso&quot;:&quot;0&quot;,&quot;shutter_speed&quot;:&quot;0&quot;,&quot;title&quot;:&quot;&quot;,&quot;orientation&quot;:&quot;1&quot;}\" data-image-title=\"3 UNILA\" data-image-description=\"\" data-image-caption=\"\" data-large-file=\"https:\/\/i0.wp.com\/antropologiasdelsur.org\/wp-content\/uploads\/2026\/04\/3-UNILA.jpeg?fit=1024%2C565&amp;ssl=1\" width=\"1024\" height=\"565\" src=\"https:\/\/i0.wp.com\/antropologiasdelsur.org\/wp-content\/uploads\/2026\/04\/3-UNILA.jpeg?fit=1024%2C565&amp;ssl=1\" class=\"attachment-large size-large wp-image-2225\" alt=\"\" srcset=\"https:\/\/i0.wp.com\/antropologiasdelsur.org\/wp-content\/uploads\/2026\/04\/3-UNILA.jpeg?w=1079&amp;ssl=1 1079w, https:\/\/i0.wp.com\/antropologiasdelsur.org\/wp-content\/uploads\/2026\/04\/3-UNILA.jpeg?resize=300%2C165&amp;ssl=1 300w, https:\/\/i0.wp.com\/antropologiasdelsur.org\/wp-content\/uploads\/2026\/04\/3-UNILA.jpeg?resize=1024%2C565&amp;ssl=1 1024w, https:\/\/i0.wp.com\/antropologiasdelsur.org\/wp-content\/uploads\/2026\/04\/3-UNILA.jpeg?resize=768%2C424&amp;ssl=1 768w\" sizes=\"(max-width: 1024px) 100vw, 1024px\" data-attachment-id=\"2225\" data-permalink=\"https:\/\/antropologiasdelsur.org\/?attachment_id=2225\" data-orig-file=\"https:\/\/i0.wp.com\/antropologiasdelsur.org\/wp-content\/uploads\/2026\/04\/3-UNILA.jpeg?fit=1079%2C595&amp;ssl=1\" data-orig-size=\"1079,595\" data-comments-opened=\"1\" data-image-meta=\"{&quot;aperture&quot;:&quot;0&quot;,&quot;credit&quot;:&quot;&quot;,&quot;camera&quot;:&quot;&quot;,&quot;caption&quot;:&quot;&quot;,&quot;created_timestamp&quot;:&quot;0&quot;,&quot;copyright&quot;:&quot;&quot;,&quot;focal_length&quot;:&quot;0&quot;,&quot;iso&quot;:&quot;0&quot;,&quot;shutter_speed&quot;:&quot;0&quot;,&quot;title&quot;:&quot;&quot;,&quot;orientation&quot;:&quot;1&quot;}\" data-image-title=\"3 UNILA\" data-image-description=\"\" data-image-caption=\"\" data-large-file=\"https:\/\/i0.wp.com\/antropologiasdelsur.org\/wp-content\/uploads\/2026\/04\/3-UNILA.jpeg?fit=1024%2C565&amp;ssl=1\" \/>\t\t\t\t\t\t\t\t\t\t\t\t\t\t\t<\/div>\n\t\t\t\t\t<\/div>\n\t\t\t\t<\/div>\n\t\t\t\t<\/div>\n\t\t","protected":false},"excerpt":{"rendered":"<p>La Universidade Federal da Integra\u00e7\u00e3o Latino-Americana (UNILA) fue propuesta en el a\u00f1o 2007 por el presidente Luiz In\u00e1cio Lula da Silva, quien la present\u00f3 al Congreso Nacional, y se cre\u00f3 en el 2010 para formar a profesionales comprometidos con la integraci\u00f3n latinoamericana. Comenz\u00f3 a ser estructurada en el a\u00f1o 2007 por la Comisi\u00f3n de Implanta\u00e7i\u00f3n<\/p>\n<p><a href=\"https:\/\/antropologiasdelsur.org\/?page_id=1761\" class=\"more-link themebutton\">Leer m\u00e1s<\/a><\/p>\n","protected":false},"author":2,"featured_media":0,"parent":0,"menu_order":0,"comment_status":"closed","ping_status":"closed","template":"","meta":{"footnotes":""},"class_list":["post-1761","page","type-page","status-publish","hentry"],"jetpack_sharing_enabled":true,"jetpack_shortlink":"https:\/\/wp.me\/P7en3k-sp","jetpack-related-posts":[{"id":485,"url":"https:\/\/antropologiasdelsur.org\/","url_meta":{"origin":1761,"position":0},"title":"Inicio","author":"Diego Camilo Figueroa","date":"12\/08\/2019","format":false,"excerpt":"La Triple Frontera es un trifinio situado en el cruce de fronteras entre Argentina (Puerto de Iguaz\u00fa, provincia de Misiones), Brasil (Foz de Igua\u00e7u, estado de Paran\u00e1) y Paraguay (Presidente Franco y Ciudad del Este, departamento de Alto Paran\u00e1), cerca de las cataratas de Igua\u00e7u. \/ A Tr\u00edplice Fronteira \u00e9\u2026","rel":"","context":"Entrada similar","block_context":{"text":"Entrada similar","link":""},"img":{"alt_text":"La Triple Frontera es un trifinio situado en el cruce de fronteras entre Argentina (Puerto de Iguaz\u00fa, provincia de Misiones), Brasil (Foz de Igua\u00e7u, estado de Paran\u00e1) y Paraguay (Presidente Franco y Ciudad del Este, departamento de Alto Paran\u00e1), cerca de las cataratas de Igua\u00e7u. \/ A Tr\u00edplice Fronteira \u00e9 um ponto tr\u00edplice localizado na fronteira entre a Argentina (Puerto Iguaz\u00fa, prov\u00edncia de Misiones), o Brasil (Foz do Igua\u00e7u, estado do Paran\u00e1) e o Paraguai (Presidente Franco e Ciudad del Este, departamento do Alto Paran\u00e1), pr\u00f3ximo \u00e0s Cataratas do Igua\u00e7u. Foto: https:\/\/www.civitatis.com\/es","src":"https:\/\/i0.wp.com\/antropologiasdelsur.org\/wp-content\/uploads\/2026\/01\/1-UNILA-1024x684.jpeg?resize=350%2C200&ssl=1","width":350,"height":200,"srcset":"https:\/\/i0.wp.com\/antropologiasdelsur.org\/wp-content\/uploads\/2026\/01\/1-UNILA-1024x684.jpeg?resize=350%2C200&ssl=1 1x, https:\/\/i0.wp.com\/antropologiasdelsur.org\/wp-content\/uploads\/2026\/01\/1-UNILA-1024x684.jpeg?resize=525%2C300&ssl=1 1.5x, https:\/\/i0.wp.com\/antropologiasdelsur.org\/wp-content\/uploads\/2026\/01\/1-UNILA-1024x684.jpeg?resize=700%2C400&ssl=1 2x"},"classes":[]},{"id":509,"url":"https:\/\/antropologiasdelsur.org\/?page_id=509","url_meta":{"origin":1761,"position":1},"title":"Brasil","author":"Diego Camilo Figueroa","date":"12\/08\/2019","format":false,"excerpt":"Cap\u00edtulo Brasil do 2\u00b0 Congresso Internacional de Antropologias do Sul A antropologia em movimento: reflexividade, posicionamentos e pr\u00e1ticas Atividade pr\u00e9 32\u00b0 Reuni\u00e3o Brasileira de Antropologia Transmiss\u00e3o pela TV ABA: https:\/\/www.youtube.com\/tvaba Data: 15 y 27\/10\/2020 O cap\u00edtulo Brasil ser\u00e1 composto de dois pain\u00e9is: PAINEL1 \u201cAntropologia na Am\u00e9rica do Sul: algumas reflex\u00f5es\u201d:\u2026","rel":"","context":"Entrada similar","block_context":{"text":"Entrada similar","link":""},"img":{"alt_text":"","src":"https:\/\/i0.wp.com\/antropologiasdelsur.org\/wp-content\/uploads\/2020\/10\/AFICHE-CAPITULO-BRASIL-1-BR-300x228.jpg?resize=350%2C200","width":350,"height":200,"srcset":"https:\/\/i0.wp.com\/antropologiasdelsur.org\/wp-content\/uploads\/2020\/10\/AFICHE-CAPITULO-BRASIL-1-BR-300x228.jpg?resize=350%2C200 1x, https:\/\/i0.wp.com\/antropologiasdelsur.org\/wp-content\/uploads\/2020\/10\/AFICHE-CAPITULO-BRASIL-1-BR-300x228.jpg?resize=525%2C300 1.5x"},"classes":[]},{"id":75,"url":"https:\/\/antropologiasdelsur.org\/?page_id=75","url_meta":{"origin":1761,"position":2},"title":"\u00bfQui\u00e9nes somos?","author":"petrizzo","date":"12\/09\/2015","format":false,"excerpt":"La\u00a0Red de Antropolog\u00edas del Sur\u00a0congrega a un grupo de investigadorxs de las ciencias sociales de Am\u00e9rica Latina, especialmente de la antropolog\u00eda, quienes decidieron congregarse en el a\u00f1o 2015 para organizar el\u00a0Primer Congreso Internacional de Antropolog\u00edas del Sur realizado un a\u00f1o luego, en octubre del 2016 en M\u00e9rida, Venezuela.Posteriormente, la Red\u2026","rel":"","context":"Entrada similar","block_context":{"text":"Entrada similar","link":""},"img":{"alt_text":"M.Sc. Annel Mej\u00edas Guiza (coordinadora general\/ULA, Venezuela","src":"https:\/\/i0.wp.com\/antropologiasdelsur.org\/wp-content\/uploads\/2026\/04\/Annel-Mejias-Guiza-sitio-web-300x254-1-150x150.jpg?resize=350%2C200&ssl=1","width":350,"height":200},"classes":[]},{"id":1893,"url":"https:\/\/antropologiasdelsur.org\/?page_id=1893","url_meta":{"origin":1761,"position":3},"title":"Tercer Congresso em Portugu\u00eas","author":"Annel Mej\u00edas","date":"19\/01\/2026","format":false,"excerpt":"3\u00ba CONGRESSO INTERNACIONAL DE ANTROPOLOGIA DO SUL 2026. \u201cANTROPOLOGIAS DO SUL ENFRENTANDO UM MUNDO EM CONFLITO: DESAFIOS EPISTEMOL\u00d3GICOS, \u00c9TICOS E POL\u00cdTICOS\u201d. FOZ DO IGUA\u00c7U , BRASIL\u00a0Data: 4, 5 e 6 de novembro de 2026Site do evento: https:\/\/antropologiasdelsur.orgE-mail do evento: congreso@antropologiasdelsur.org\u00a0APRESENTA\u00c7\u00c3OA Am\u00e9rica Latina e o Caribe, assim como a maioria das\u2026","rel":"","context":"Entrada similar","block_context":{"text":"Entrada similar","link":""},"img":{"alt_text":"","src":"https:\/\/i0.wp.com\/antropologiasdelsur.org\/wp-content\/uploads\/2026\/04\/1er-Congreso-2-225x300.jpeg?resize=350%2C200&ssl=1","width":350,"height":200},"classes":[]},{"id":476,"url":"https:\/\/antropologiasdelsur.org\/?page_id=476","url_meta":{"origin":1761,"position":4},"title":"Cap\u00edtulos","author":"Diego Camilo Figueroa","date":"12\/08\/2019","format":false,"excerpt":"BrasilOrganizado por el Projeto Nova Cartografia Social, da Universidade Federal do Rec\u00f4ncavo da Bahia (UFRB).Fecha:\u00a0julio del 2020.Modalidad: virtual.Primera Circular\u00a0ColombiaRegi\u00f3n Caribe:Organizado por el Centro de Investigaciones Jorge Eli\u00e9cer Gait\u00e1n, de la Escuela de Derecho y Ciencias Sociales de la Corporaci\u00f3n Universitaria del Meta; la Fundaci\u00f3n Universitaria Intercultural Manuel Zapata Olivella (FUIMZO),\u2026","rel":"","context":"Entrada similar","block_context":{"text":"Entrada similar","link":""},"img":{"alt_text":"","src":"","width":0,"height":0},"classes":[]},{"id":2153,"url":"https:\/\/antropologiasdelsur.org\/?page_id=2153","url_meta":{"origin":1761,"position":5},"title":"Convocatoria Antropolog\u00eda Visual","author":"petrizzo","date":"03\/04\/2026","format":false,"excerpt":"3er CONGRESO INTERNACIONAL DE ANTROPOLOG\u00cdA DEL SUR 2026 \u201cANTROPOLOG\u00cdAS DEL SUR FRENTE A UN MUNDO EN CONFLICTO: DESAF\u00cdOS EPISTEMOL\u00d3GICOS, \u00c9TICOS Y POL\u00cdTICOS\u201d 4-6 de noviembre de 2026 Foz do Igua\u00e7u \u2013 Paran\u00e1 \u2013 Brasil ESPA\u00d1OL Edici\u00f3n para la Exposici\u00f3n de Fotograf\u00edas y Pel\u00edculas Etnogr\u00e1ficas Fechas: La recepci\u00f3n de propuestas estar\u00e1\u2026","rel":"","context":"Entrada similar","block_context":{"text":"Entrada similar","link":""},"img":{"alt_text":"","src":"","width":0,"height":0},"classes":[]}],"_links":{"self":[{"href":"https:\/\/antropologiasdelsur.org\/index.php?rest_route=\/wp\/v2\/pages\/1761","targetHints":{"allow":["GET"]}}],"collection":[{"href":"https:\/\/antropologiasdelsur.org\/index.php?rest_route=\/wp\/v2\/pages"}],"about":[{"href":"https:\/\/antropologiasdelsur.org\/index.php?rest_route=\/wp\/v2\/types\/page"}],"author":[{"embeddable":true,"href":"https:\/\/antropologiasdelsur.org\/index.php?rest_route=\/wp\/v2\/users\/2"}],"replies":[{"embeddable":true,"href":"https:\/\/antropologiasdelsur.org\/index.php?rest_route=%2Fwp%2Fv2%2Fcomments&post=1761"}],"version-history":[{"count":10,"href":"https:\/\/antropologiasdelsur.org\/index.php?rest_route=\/wp\/v2\/pages\/1761\/revisions"}],"predecessor-version":[{"id":2400,"href":"https:\/\/antropologiasdelsur.org\/index.php?rest_route=\/wp\/v2\/pages\/1761\/revisions\/2400"}],"wp:attachment":[{"href":"https:\/\/antropologiasdelsur.org\/index.php?rest_route=%2Fwp%2Fv2%2Fmedia&parent=1761"}],"curies":[{"name":"wp","href":"https:\/\/api.w.org\/{rel}","templated":true}]}}