{"id":488,"date":"2019-08-12T18:30:01","date_gmt":"2019-08-12T23:00:01","guid":{"rendered":"http:\/\/antropologiasdelsur.org.ve\/?page_id=488"},"modified":"2019-08-12T18:30:01","modified_gmt":"2019-08-12T23:00:01","slug":"venezuela","status":"publish","type":"page","link":"https:\/\/antropologiasdelsur.org\/?page_id=488","title":{"rendered":"Venezuela"},"content":{"rendered":"","protected":false},"excerpt":{"rendered":"","protected":false},"author":3,"featured_media":0,"parent":476,"menu_order":0,"comment_status":"closed","ping_status":"closed","template":"","meta":{"footnotes":""},"class_list":["post-488","page","type-page","status-publish","hentry"],"jetpack_sharing_enabled":true,"jetpack_shortlink":"https:\/\/wp.me\/P7en3k-7S","jetpack-related-posts":[{"id":75,"url":"https:\/\/antropologiasdelsur.org\/?page_id=75","url_meta":{"origin":488,"position":0},"title":"\u00bfQui\u00e9nes somos?","author":"petrizzo","date":"12\/09\/2015","format":false,"excerpt":"La\u00a0Red de Antropolog\u00edas del Sur\u00a0congrega a un grupo de investigadorxs de las ciencias sociales de Am\u00e9rica Latina, especialmente de la antropolog\u00eda, quienes decidieron congregarse en el a\u00f1o 2015 para organizar el\u00a0Primer Congreso Internacional de Antropolog\u00edas del Sur realizado un a\u00f1o luego, en octubre del 2016 en M\u00e9rida, Venezuela.Posteriormente, la Red\u2026","rel":"","context":"Entrada similar","block_context":{"text":"Entrada similar","link":""},"img":{"alt_text":"M.Sc. Annel Mej\u00edas Guiza (coordinadora general\/ULA, Venezuela","src":"https:\/\/i0.wp.com\/antropologiasdelsur.org\/wp-content\/uploads\/2026\/04\/Annel-Mejias-Guiza-sitio-web-300x254-1-150x150.jpg?resize=350%2C200&ssl=1","width":350,"height":200},"classes":[]},{"id":522,"url":"https:\/\/antropologiasdelsur.org\/?page_id=522","url_meta":{"origin":488,"position":1},"title":"Programaci\u00f3n","author":"Diego Camilo Figueroa","date":"12\/08\/2019","format":false,"excerpt":"Venezuela: Cap\u00edtulo Falc\u00f3n\/Coro: Cada viernes del mes de marzo del 2020. Cap\u00edtulo Barinas-Venezuela: 1-2 de abril del 2020. Cap\u00edtulo Yaracuy-Venezuela: 17-19 de abril del 2020. Colombia: Cap\u00edtulo Regi\u00f3n Caribe-Colombia: Agosto del 2022. Brasil: Cap\u00edtulo Brasil: Octubre de 2020.","rel":"","context":"Entrada similar","block_context":{"text":"Entrada similar","link":""},"img":{"alt_text":"","src":"","width":0,"height":0},"classes":[]},{"id":476,"url":"https:\/\/antropologiasdelsur.org\/?page_id=476","url_meta":{"origin":488,"position":2},"title":"Cap\u00edtulos","author":"Diego Camilo Figueroa","date":"12\/08\/2019","format":false,"excerpt":"BrasilOrganizado por el Projeto Nova Cartografia Social, da Universidade Federal do Rec\u00f4ncavo da Bahia (UFRB).Fecha:\u00a0julio del 2020.Modalidad: virtual.Primera Circular\u00a0ColombiaRegi\u00f3n Caribe:Organizado por el Centro de Investigaciones Jorge Eli\u00e9cer Gait\u00e1n, de la Escuela de Derecho y Ciencias Sociales de la Corporaci\u00f3n Universitaria del Meta; la Fundaci\u00f3n Universitaria Intercultural Manuel Zapata Olivella (FUIMZO),\u2026","rel":"","context":"Entrada similar","block_context":{"text":"Entrada similar","link":""},"img":{"alt_text":"","src":"","width":0,"height":0},"classes":[]},{"id":494,"url":"https:\/\/antropologiasdelsur.org\/?page_id=494","url_meta":{"origin":488,"position":3},"title":"Falc\u00f3n\/Coro","author":"Diego Camilo Figueroa","date":"12\/08\/2019","format":false,"excerpt":"2\u00b0 Congreso Internacional de Antropolog\u00edas del Sur 2020 Cap\u00edtulo Falc\u00f3n\/Coro-Venezuela Fechas: 6, 13, 20, 27 y 28 de marzo de 2020. Lugar: Biblioteca del Instituto del Patrimonio Cultural (IPC), Coro, estado Falc\u00f3n. Horario: 14:30-15:30 \/ 2:30 pm-5:30 pm. Ejes Tem\u00e1ticos: Antropolog\u00edas del Sur. Arqueolog\u00edas del Sur. Museolog\u00edas del Sur. Pedagog\u00edas\u2026","rel":"","context":"Entrada similar","block_context":{"text":"Entrada similar","link":""},"img":{"alt_text":"","src":"","width":0,"height":0},"classes":[]},{"id":509,"url":"https:\/\/antropologiasdelsur.org\/?page_id=509","url_meta":{"origin":488,"position":4},"title":"Brasil","author":"Diego Camilo Figueroa","date":"12\/08\/2019","format":false,"excerpt":"Cap\u00edtulo Brasil do 2\u00b0 Congresso Internacional de Antropologias do Sul A antropologia em movimento: reflexividade, posicionamentos e pr\u00e1ticas Atividade pr\u00e9 32\u00b0 Reuni\u00e3o Brasileira de Antropologia Transmiss\u00e3o pela TV ABA: https:\/\/www.youtube.com\/tvaba Data: 15 y 27\/10\/2020 O cap\u00edtulo Brasil ser\u00e1 composto de dois pain\u00e9is: PAINEL1 \u201cAntropologia na Am\u00e9rica do Sul: algumas reflex\u00f5es\u201d:\u2026","rel":"","context":"Entrada similar","block_context":{"text":"Entrada similar","link":""},"img":{"alt_text":"","src":"https:\/\/i0.wp.com\/antropologiasdelsur.org\/wp-content\/uploads\/2020\/10\/AFICHE-CAPITULO-BRASIL-1-BR-300x228.jpg?resize=350%2C200","width":350,"height":200,"srcset":"https:\/\/i0.wp.com\/antropologiasdelsur.org\/wp-content\/uploads\/2020\/10\/AFICHE-CAPITULO-BRASIL-1-BR-300x228.jpg?resize=350%2C200 1x, https:\/\/i0.wp.com\/antropologiasdelsur.org\/wp-content\/uploads\/2020\/10\/AFICHE-CAPITULO-BRASIL-1-BR-300x228.jpg?resize=525%2C300 1.5x"},"classes":[]},{"id":485,"url":"https:\/\/antropologiasdelsur.org\/","url_meta":{"origin":488,"position":5},"title":"Inicio","author":"Diego Camilo Figueroa","date":"12\/08\/2019","format":false,"excerpt":"La Triple Frontera es un trifinio situado en el cruce de fronteras entre Argentina (Puerto de Iguaz\u00fa, provincia de Misiones), Brasil (Foz de Igua\u00e7u, estado de Paran\u00e1) y Paraguay (Presidente Franco y Ciudad del Este, departamento de Alto Paran\u00e1), cerca de las cataratas de Igua\u00e7u. \/ A Tr\u00edplice Fronteira \u00e9\u2026","rel":"","context":"Entrada similar","block_context":{"text":"Entrada similar","link":""},"img":{"alt_text":"La Triple Frontera es un trifinio situado en el cruce de fronteras entre Argentina (Puerto de Iguaz\u00fa, provincia de Misiones), Brasil (Foz de Igua\u00e7u, estado de Paran\u00e1) y Paraguay (Presidente Franco y Ciudad del Este, departamento de Alto Paran\u00e1), cerca de las cataratas de Igua\u00e7u. \/ A Tr\u00edplice Fronteira \u00e9 um ponto tr\u00edplice localizado na fronteira entre a Argentina (Puerto Iguaz\u00fa, prov\u00edncia de Misiones), o Brasil (Foz do Igua\u00e7u, estado do Paran\u00e1) e o Paraguai (Presidente Franco e Ciudad del Este, departamento do Alto Paran\u00e1), pr\u00f3ximo \u00e0s Cataratas do Igua\u00e7u. Foto: https:\/\/www.civitatis.com\/es","src":"https:\/\/i0.wp.com\/antropologiasdelsur.org\/wp-content\/uploads\/2026\/01\/1-UNILA-1024x684.jpeg?resize=350%2C200&ssl=1","width":350,"height":200,"srcset":"https:\/\/i0.wp.com\/antropologiasdelsur.org\/wp-content\/uploads\/2026\/01\/1-UNILA-1024x684.jpeg?resize=350%2C200&ssl=1 1x, https:\/\/i0.wp.com\/antropologiasdelsur.org\/wp-content\/uploads\/2026\/01\/1-UNILA-1024x684.jpeg?resize=525%2C300&ssl=1 1.5x, https:\/\/i0.wp.com\/antropologiasdelsur.org\/wp-content\/uploads\/2026\/01\/1-UNILA-1024x684.jpeg?resize=700%2C400&ssl=1 2x"},"classes":[]}],"_links":{"self":[{"href":"https:\/\/antropologiasdelsur.org\/index.php?rest_route=\/wp\/v2\/pages\/488","targetHints":{"allow":["GET"]}}],"collection":[{"href":"https:\/\/antropologiasdelsur.org\/index.php?rest_route=\/wp\/v2\/pages"}],"about":[{"href":"https:\/\/antropologiasdelsur.org\/index.php?rest_route=\/wp\/v2\/types\/page"}],"author":[{"embeddable":true,"href":"https:\/\/antropologiasdelsur.org\/index.php?rest_route=\/wp\/v2\/users\/3"}],"replies":[{"embeddable":true,"href":"https:\/\/antropologiasdelsur.org\/index.php?rest_route=%2Fwp%2Fv2%2Fcomments&post=488"}],"version-history":[{"count":1,"href":"https:\/\/antropologiasdelsur.org\/index.php?rest_route=\/wp\/v2\/pages\/488\/revisions"}],"predecessor-version":[{"id":489,"href":"https:\/\/antropologiasdelsur.org\/index.php?rest_route=\/wp\/v2\/pages\/488\/revisions\/489"}],"up":[{"embeddable":true,"href":"https:\/\/antropologiasdelsur.org\/index.php?rest_route=\/wp\/v2\/pages\/476"}],"wp:attachment":[{"href":"https:\/\/antropologiasdelsur.org\/index.php?rest_route=%2Fwp%2Fv2%2Fmedia&parent=488"}],"curies":[{"name":"wp","href":"https:\/\/api.w.org\/{rel}","templated":true}]}}