{"id":494,"date":"2019-08-12T18:31:06","date_gmt":"2019-08-12T23:01:06","guid":{"rendered":"http:\/\/antropologiasdelsur.org.ve\/?page_id=494"},"modified":"2020-03-10T17:53:23","modified_gmt":"2020-03-10T22:23:23","slug":"falcon","status":"publish","type":"page","link":"https:\/\/antropologiasdelsur.org\/?page_id=494","title":{"rendered":"Falc\u00f3n\/Coro"},"content":{"rendered":"<h1 style=\"text-align: center;\"><span style=\"color: #993300;\"><strong>2\u00b0 Congreso Internacional de Antropolog\u00edas del Sur 2020<\/strong><\/span><\/h1>\n<h1 style=\"text-align: center;\"><span style=\"color: #993300;\"><strong>Cap\u00edtulo Falc\u00f3n\/Coro-Venezuela<\/strong><\/span><\/h1>\n<h3 style=\"text-align: center;\"><span style=\"color: #0a450a;\"><strong>Fechas: <\/strong><\/span><strong>6, 13, 20, 27 y 28 de marzo de 2020.<\/strong><\/h3>\n<h3 style=\"text-align: center;\"><strong><span style=\"color: #0a450a;\">Lugar:<\/span> Biblioteca del Instituto del Patrimonio Cultural (IPC), Coro, estado Falc\u00f3n.<\/strong><\/h3>\n<h3 style=\"text-align: center;\"><strong><span style=\"color: #0a450a;\">Horario:<\/span> 14:30-15:30 \/ 2:30 pm-5:30 pm.<\/strong><\/h3>\n<h3 style=\"text-align: center;\"><span style=\"color: #0a450a;\"><strong>Ejes Tem\u00e1ticos:<\/strong><\/span><\/h3>\n<h4 style=\"text-align: center;\">Antropolog\u00edas del Sur.<\/h4>\n<h4 style=\"text-align: center;\">Arqueolog\u00edas del Sur.<\/h4>\n<h4 style=\"text-align: center;\">Museolog\u00edas del Sur.<\/h4>\n<h4 style=\"text-align: center;\">Pedagog\u00edas del Sur.<\/h4>\n<h4 style=\"text-align: center;\">Historias y Etnohistorias del Sur.<\/h4>\n<h4 style=\"text-align: center;\">Artesan\u00edas del Sur.<\/h4>\n<h4 style=\"text-align: center;\">Gesti\u00f3n Social del Patrimonio Cultural y Natural.<\/h4>\n<h3 style=\"text-align: center;\"><span style=\"color: #0a450a;\"><strong>Forma de participaci\u00f3n:<\/strong><\/span><\/h3>\n<h4 style=\"text-align: center;\"><span style=\"color: #0a450a;\"><strong>Ponentes:<\/strong> <\/span>Entre 10 y 15 (m\u00e1ximo), con 10 minutos por ponencia.<\/h4>\n<h4 style=\"text-align: center;\">Enviar las propuestas por el <strong>correo electr\u00f3nico de contacto: <\/strong><a href=\"mailto:camilomoron@gmail.com\">camilomoron@gmail.com<\/a>.<\/h4>\n<p><strong>\u00a0<\/strong><\/p>\n<h3 style=\"text-align: center;\"><span style=\"color: #0a450a;\"><strong>Programaci\u00f3n:<\/strong><\/span><\/h3>\n<h3 style=\"text-align: center;\"><span style=\"color: #0a450a;\"><strong>Homenajes:<\/strong><\/span><\/h3>\n<h4 style=\"text-align: center;\"><span style=\"color: #993300;\"><strong>Viernes 06\/03\/2020:<\/strong><\/span> Jacqueline Clarac de Brice\u00f1o.<\/h4>\n<h4 style=\"text-align: center;\"><span style=\"color: #993300;\"><strong>Viernes 13\/03\/2020:<\/strong><\/span> J.M. Brice\u00f1o Guerrero y Gilberto Antol\u00ednez.<\/h4>\n<h4 style=\"text-align: center;\"><span style=\"color: #993300;\"><strong>Viernes 20\/03\/2020:<\/strong><\/span> Jer\u00f3nimo &#8211; <em>Goyaa\u0142\u00e9 \u2013 Goyathaly <\/em>y Miguel \u00c1ngel Jusay\u00fa.<\/h4>\n<h4 style=\"text-align: center;\"><span style=\"color: #993300;\"><strong>Viernes 27\/03\/2020:<\/strong><\/span> J.M. Cruxent, Adri\u00e1n Lucena Goyo y Claude L\u00e9vi-Strauss<\/h4>\n<h4 style=\"text-align: center;\"><span style=\"color: #993300;\"><strong>S\u00e1bado 28\/03\/2020:<\/strong> <\/span>A los Ancestros.<\/h4>\n<p><strong>\u00a0<\/strong><\/p>\n<h3 style=\"text-align: center;\"><span style=\"color: #0a450a;\"><strong>Invitados:<\/strong><\/span><\/h3>\n<h4 style=\"text-align: center;\">Doctorado en Ciencias Sociales de la Universidad Bolivariana de Venezuela &#8211; UBV.<\/h4>\n<h4 style=\"text-align: center;\">Diplomado Cronistas Comunitarios &#8211; Instituto del Patrimonio Cultural (IPC).<\/h4>\n<h4 style=\"text-align: center;\">Artegua &#8211; Artesanos de Guatire, estado Miranda.<\/h4>\n<p><strong>\u00a0<\/strong><\/p>\n<h3 style=\"text-align: center;\"><span style=\"color: #0a450a;\"><strong>Acreditan:<\/strong><\/span><\/h3>\n<h4 style=\"text-align: center;\">Fundaci\u00f3n de Ciencias y Artes <em>Cud\u00e1n de Cut\u00e9 <\/em>(Para Servir a Ud., en idioma caquet\u00edo).<\/h4>\n<h4 style=\"text-align: center;\">Instituto del Patrimonio Cultural (IPC).<\/h4>\n<h4 style=\"text-align: center;\">Universidad Nacional Experimental Francisco de Miranda (UNEFM).<\/h4>\n<h4 style=\"text-align: center;\">Aula-Laboratorio de Conservaci\u00f3n y Restauraci\u00f3n de Bienes Arqueol\u00f3gicos y Paleontol\u00f3gicos (ALab-CRBAP).<\/h4>\n<h4 style=\"text-align: center;\">Centro de Investigaciones de Investigaciones del Paleo-Indio y el Cuaternario de Suram\u00e9rica (CIPICS).<\/h4>\n<h4 style=\"text-align: center;\">Centro de Investigaciones de Ciencias Sociales Pedro Manuel Arcaya (CICSPMA).<\/h4>\n<h4 style=\"text-align: center;\">Observatorio de Ciencias del Cuaternario de Venezuela (OCCV).<\/h4>\n<h4 style=\"text-align: center;\">Red Social de Investigadores de Ciencias Humanas (RSICH).<\/h4>\n<h4 style=\"text-align: center;\">Comunidad de Aprendizaje J. M. Cruxent (CAJMCX)<\/h4>\n<h4 style=\"text-align: center;\">Universidad Polit\u00e9cnica Territorial de M\u00e9rida Kl\u00e9ber Ram\u00edrez (UPTMKR).<\/h4>\n<h4 style=\"text-align: center;\">Colectivo de Investigaci\u00f3n <em>Diao <\/em>Manaure.<\/h4>\n<h4 style=\"text-align: center;\">Universidad Bolivariana de Venezuela (UBV).<\/h4>\n<h4 style=\"text-align: center;\">Asociaci\u00f3n Venezolana de Arqueolog\u00eda J. M. Cruxent (AVA-JMCX).<\/h4>\n<h4 style=\"text-align: center;\">Red de Museos Comunitarios, Casas y \u00c1rboles de la Memoria, Senderos de Interpretaci\u00f3n y Significaci\u00f3n del Estado Falc\u00f3n (RMC, CAM. SISEF).<\/h4>\n<h4 style=\"text-align: center;\">Red de Antropolog\u00edas del Sur.<\/h4>\n<h3 style=\"text-align: center;\"><span style=\"color: #0a450a;\"><strong>Publicaciones:<\/strong><\/span><\/h3>\n<h4 style=\"text-align: center;\">Atabeyra.<\/h4>\n<h4 style=\"text-align: center;\">Bacoa. Revista Interdisciplinaria de Ciencias y Artes.<\/h4>\n<h4 style=\"text-align: center;\">Cruxentiana. Comunidad y Patrimonio.<\/h4>\n<h3 style=\"text-align: center;\"><span style=\"color: #0a450a;\"><strong>Coordinadores Regionales:<\/strong><\/span><\/h3>\n<h4 style=\"text-align: center;\"><strong>Prof. Camilo Mor\u00f3n<\/strong> (Universidad Nacional Experimental Francisco de Miranda &#8211; UNEFM)<\/h4>\n<h4 style=\"text-align: center;\">Coordinador General<\/h4>\n<h4 style=\"text-align: center;\"><strong>Prof. Rub\u00e9n Reyes<\/strong> (Universidad Polit\u00e9cnica Territorial Alonso Gamero &#8211; UPTAG)<\/h4>\n<h4 style=\"text-align: center;\"><strong>Prof. Miguel Arc\u00e1ngel Sierra<\/strong> (Universidad Polit\u00e9cnica Territorial Alonso Gamero &#8211; UPTAG)<\/h4>\n<h4 style=\"text-align: center;\"><strong>Prof. Luis Felipe D\u00edaz<\/strong> (Instituto del Patrimonio Cultura &#8211; IPC)<\/h4>\n<h4 style=\"text-align: center;\"><strong>Dr. Reinaldo Velasco<\/strong> (Universidad Bolivariana de Venezuela &#8211; UBV)<\/h4>\n<h4 style=\"text-align: center;\"><strong>Adm. Mary Sivira<\/strong> (Comunidad de Aprendizaje J. M. Cruxent &#8211; CAJMCX)<\/h4>\n<h4 style=\"text-align: center;\"><strong>T.S.U. Jes\u00fas Hern\u00e1ndez<\/strong> (Comunidad de Aprendizaje J. M. Cruxent &#8211; CAJMCX)<\/h4>\n","protected":false},"excerpt":{"rendered":"<p>2\u00b0 Congreso Internacional de Antropolog\u00edas del Sur 2020 Cap\u00edtulo Falc\u00f3n\/Coro-Venezuela Fechas: 6, 13, 20, 27 y 28 de marzo de 2020. Lugar: Biblioteca del Instituto del Patrimonio Cultural (IPC), Coro, estado Falc\u00f3n. Horario: 14:30-15:30 \/ 2:30 pm-5:30 pm. Ejes Tem\u00e1ticos: Antropolog\u00edas del Sur. Arqueolog\u00edas del Sur. Museolog\u00edas del Sur. Pedagog\u00edas del Sur. Historias y Etnohistorias<\/p>\n<p><a href=\"https:\/\/antropologiasdelsur.org\/?page_id=494\" class=\"more-link themebutton\">Leer m\u00e1s<\/a><\/p>\n","protected":false},"author":3,"featured_media":0,"parent":488,"menu_order":0,"comment_status":"closed","ping_status":"closed","template":"","meta":{"footnotes":""},"class_list":["post-494","page","type-page","status-publish","hentry"],"jetpack_sharing_enabled":true,"jetpack_shortlink":"https:\/\/wp.me\/P7en3k-7Y","jetpack-related-posts":[{"id":476,"url":"https:\/\/antropologiasdelsur.org\/?page_id=476","url_meta":{"origin":494,"position":0},"title":"Cap\u00edtulos","author":"Diego Camilo Figueroa","date":"12\/08\/2019","format":false,"excerpt":"BrasilOrganizado por el Projeto Nova Cartografia Social, da Universidade Federal do Rec\u00f4ncavo da Bahia (UFRB).Fecha:\u00a0julio del 2020.Modalidad: virtual.Primera Circular\u00a0ColombiaRegi\u00f3n Caribe:Organizado por el Centro de Investigaciones Jorge Eli\u00e9cer Gait\u00e1n, de la Escuela de Derecho y Ciencias Sociales de la Corporaci\u00f3n Universitaria del Meta; la Fundaci\u00f3n Universitaria Intercultural Manuel Zapata Olivella (FUIMZO),\u2026","rel":"","context":"Entrada similar","block_context":{"text":"Entrada similar","link":""},"img":{"alt_text":"","src":"","width":0,"height":0},"classes":[]},{"id":1586,"url":"https:\/\/antropologiasdelsur.org\/?page_id=1586","url_meta":{"origin":494,"position":1},"title":"Tercer Congreso Internacional de Antropolog\u00edas del Sur","author":"petrizzo","date":"26\/12\/2025","format":false,"excerpt":"3ER CONGRESO INTERNACIONAL DE ANTROPOLOG\u00cdA DEL SUR 2026.\u00a0\u201cLAS ANTROPOLOG\u00cdAS DEL SUR FRENTE A UN MUNDO EN CONFLICTO: RETOS EPISTEMOL\u00d3GICOS, \u00c9TICOS Y POL\u00cdTICOS\u201d.\u00a0FOZ DE IGUA\u00c7\u00da, BRASIL Fecha:\u00a04, 5 y 6 de noviembre de 2026Sitio web del evento:\u00a0https:\/\/antropologiasdelsur.orgCorreo electr\u00f3nico del evento:\u00a0congreso@antropologiasdelsur.orgPRESENTACI\u00d3NAm\u00e9rica Latina y el Caribe, al igual que la mayor\u00eda de las\u2026","rel":"","context":"Entrada similar","block_context":{"text":"Entrada similar","link":""},"img":{"alt_text":"","src":"https:\/\/i0.wp.com\/antropologiasdelsur.org\/wp-content\/uploads\/2025\/12\/banner-congreso2026-PNG.png?fit=1200%2C150&ssl=1&resize=350%2C200","width":350,"height":200,"srcset":"https:\/\/i0.wp.com\/antropologiasdelsur.org\/wp-content\/uploads\/2025\/12\/banner-congreso2026-PNG.png?fit=1200%2C150&ssl=1&resize=350%2C200 1x, https:\/\/i0.wp.com\/antropologiasdelsur.org\/wp-content\/uploads\/2025\/12\/banner-congreso2026-PNG.png?fit=1200%2C150&ssl=1&resize=525%2C300 1.5x, https:\/\/i0.wp.com\/antropologiasdelsur.org\/wp-content\/uploads\/2025\/12\/banner-congreso2026-PNG.png?fit=1200%2C150&ssl=1&resize=700%2C400 2x, https:\/\/i0.wp.com\/antropologiasdelsur.org\/wp-content\/uploads\/2025\/12\/banner-congreso2026-PNG.png?fit=1200%2C150&ssl=1&resize=1050%2C600 3x"},"classes":[]},{"id":1863,"url":"https:\/\/antropologiasdelsur.org\/?page_id=1863","url_meta":{"origin":494,"position":2},"title":"Inscripci\u00f3n 3er Congreso Internacional de Antropolog\u00edas del Sur","author":"petrizzo","date":"18\/01\/2026","format":false,"excerpt":"FORMULARIO DE INSCRIPCI\u00d3N DE GT\u2019S 3ER CONGRESO INTERNACIONAL DE ANTROPOLOG\u00cdAS DEL SUR 2026 \/ FORMUL\u00c1RIO DE INSCRI\u00c7\u00c3O DA GT PARA O 3\u00ba CONGRESSO INTERNACIONAL DE ANTROPOLOGIAS DO SUL 2026 A trav\u00e9s de este formulario puede inscribir su propuesta de Grupo de Trabajo (GT) para el 3er Congreso Internacional de Antropolog\u00edas\u2026","rel":"","context":"Entrada similar","block_context":{"text":"Entrada similar","link":""},"img":{"alt_text":"","src":"","width":0,"height":0},"classes":[]},{"id":522,"url":"https:\/\/antropologiasdelsur.org\/?page_id=522","url_meta":{"origin":494,"position":3},"title":"Programaci\u00f3n","author":"Diego Camilo Figueroa","date":"12\/08\/2019","format":false,"excerpt":"Venezuela: Cap\u00edtulo Falc\u00f3n\/Coro: Cada viernes del mes de marzo del 2020. Cap\u00edtulo Barinas-Venezuela: 1-2 de abril del 2020. Cap\u00edtulo Yaracuy-Venezuela: 17-19 de abril del 2020. Colombia: Cap\u00edtulo Regi\u00f3n Caribe-Colombia: Agosto del 2022. Brasil: Cap\u00edtulo Brasil: Octubre de 2020.","rel":"","context":"Entrada similar","block_context":{"text":"Entrada similar","link":""},"img":{"alt_text":"","src":"","width":0,"height":0},"classes":[]},{"id":78,"url":"https:\/\/antropologiasdelsur.org\/?page_id=78","url_meta":{"origin":494,"position":4},"title":"Circulares","author":"petrizzo","date":"12\/09\/2015","format":false,"excerpt":"1ERA CIRCULARCompartimos la 1era Circular del 3er Congreso Internacional de Antropolog\u00edas del Sur 2026, donde se explican los ejes tem\u00e1ticos, las modalidades de participaci\u00f3n y el cronograma. \/\u00a0Compartilhamos a 1\u00aa Circular do 3\u00ba Congresso Internacional de Antropologias do Sul de 2026, que explica os eixos tem\u00e1ticos, as modalidades de participa\u00e7\u00e3o\u2026","rel":"","context":"Entrada similar","block_context":{"text":"Entrada similar","link":""},"img":{"alt_text":"","src":"","width":0,"height":0},"classes":[]},{"id":500,"url":"https:\/\/antropologiasdelsur.org\/?page_id=500","url_meta":{"origin":494,"position":5},"title":"Barinas","author":"Diego Camilo Figueroa","date":"12\/08\/2019","format":false,"excerpt":"2\u00b0 Congreso Internacional de Antropolog\u00edas del Sur 2022(Cap\u00edtulo Barinas-Venezuela)\u201cTerritorio, Sociedad y Cultura\u201d 08-10 de noviembre del 2022 \"El horizonte y yo vamos\/solos por la llana tierra:\/ me enlaz\u00f3 todos los rumbos\/su audacia de soga abierta\" Alberto Arvelo Torrealba \u00a0 \"\u00a1\u00a1Qui\u00e9n dice que el Sur no es llano\u2026!!\" Manuel D\u00edaz Rivas\u2026","rel":"","context":"Entrada similar","block_context":{"text":"Entrada similar","link":""},"img":{"alt_text":"","src":"https:\/\/i0.wp.com\/antropologiasdelsur.org\/wp-content\/uploads\/2022\/10\/AFICHE-NUEVO-Capi%CC%81tulo-Barinas-2-BR-300x226.jpg?resize=350%2C200","width":350,"height":200,"srcset":"https:\/\/i0.wp.com\/antropologiasdelsur.org\/wp-content\/uploads\/2022\/10\/AFICHE-NUEVO-Capi%CC%81tulo-Barinas-2-BR-300x226.jpg?resize=350%2C200 1x, https:\/\/i0.wp.com\/antropologiasdelsur.org\/wp-content\/uploads\/2022\/10\/AFICHE-NUEVO-Capi%CC%81tulo-Barinas-2-BR-300x226.jpg?resize=525%2C300 1.5x"},"classes":[]}],"_links":{"self":[{"href":"https:\/\/antropologiasdelsur.org\/index.php?rest_route=\/wp\/v2\/pages\/494","targetHints":{"allow":["GET"]}}],"collection":[{"href":"https:\/\/antropologiasdelsur.org\/index.php?rest_route=\/wp\/v2\/pages"}],"about":[{"href":"https:\/\/antropologiasdelsur.org\/index.php?rest_route=\/wp\/v2\/types\/page"}],"author":[{"embeddable":true,"href":"https:\/\/antropologiasdelsur.org\/index.php?rest_route=\/wp\/v2\/users\/3"}],"replies":[{"embeddable":true,"href":"https:\/\/antropologiasdelsur.org\/index.php?rest_route=%2Fwp%2Fv2%2Fcomments&post=494"}],"version-history":[{"count":11,"href":"https:\/\/antropologiasdelsur.org\/index.php?rest_route=\/wp\/v2\/pages\/494\/revisions"}],"predecessor-version":[{"id":1115,"href":"https:\/\/antropologiasdelsur.org\/index.php?rest_route=\/wp\/v2\/pages\/494\/revisions\/1115"}],"up":[{"embeddable":true,"href":"https:\/\/antropologiasdelsur.org\/index.php?rest_route=\/wp\/v2\/pages\/488"}],"wp:attachment":[{"href":"https:\/\/antropologiasdelsur.org\/index.php?rest_route=%2Fwp%2Fv2%2Fmedia&parent=494"}],"curies":[{"name":"wp","href":"https:\/\/api.w.org\/{rel}","templated":true}]}}