{"id":505,"date":"2019-08-12T18:32:25","date_gmt":"2019-08-12T23:02:25","guid":{"rendered":"http:\/\/antropologiasdelsur.org.ve\/?page_id=505"},"modified":"2019-08-12T18:32:25","modified_gmt":"2019-08-12T23:02:25","slug":"colombia","status":"publish","type":"page","link":"https:\/\/antropologiasdelsur.org\/?page_id=505","title":{"rendered":"Colombia"},"content":{"rendered":"","protected":false},"excerpt":{"rendered":"","protected":false},"author":3,"featured_media":0,"parent":476,"menu_order":0,"comment_status":"closed","ping_status":"closed","template":"","meta":{"footnotes":""},"class_list":["post-505","page","type-page","status-publish","hentry"],"jetpack_sharing_enabled":true,"jetpack_shortlink":"https:\/\/wp.me\/P7en3k-89","jetpack-related-posts":[{"id":507,"url":"https:\/\/antropologiasdelsur.org\/?page_id=507","url_meta":{"origin":505,"position":0},"title":"Regi\u00f3n Caribe-Colombia","author":"Diego Camilo Figueroa","date":"12\/08\/2019","format":false,"excerpt":"II Congreso Internacional de Antropolog\u00edas del Sur Los caminos\/retos de las investigaciones del Sur: desaf\u00edos metodol\u00f3gicos, diversidad disciplinar y compromiso social Cap\u00edtulo Caribe-Colombia Bogot\u00e1, Colombia P\u00e1gina web del evento \u00a0 Fecha de realizaci\u00f3n: 13, 14 y 15 de agosto del 2022. Lugar: Colegio del Inmaculado Coraz\u00f3n de Mar\u00eda, Bogot\u00e1, Colombia.\u2026","rel":"","context":"Entrada similar","block_context":{"text":"Entrada similar","link":""},"img":{"alt_text":"","src":"https:\/\/i0.wp.com\/antropologiasdelsur.org\/wp-content\/uploads\/2022\/08\/Capi%CC%81tulo-Caribe-300x300.jpeg?resize=350%2C200","width":350,"height":200},"classes":[]},{"id":522,"url":"https:\/\/antropologiasdelsur.org\/?page_id=522","url_meta":{"origin":505,"position":1},"title":"Programaci\u00f3n","author":"Diego Camilo Figueroa","date":"12\/08\/2019","format":false,"excerpt":"Venezuela: Cap\u00edtulo Falc\u00f3n\/Coro: Cada viernes del mes de marzo del 2020. Cap\u00edtulo Barinas-Venezuela: 1-2 de abril del 2020. Cap\u00edtulo Yaracuy-Venezuela: 17-19 de abril del 2020. Colombia: Cap\u00edtulo Regi\u00f3n Caribe-Colombia: Agosto del 2022. Brasil: Cap\u00edtulo Brasil: Octubre de 2020.","rel":"","context":"Entrada similar","block_context":{"text":"Entrada similar","link":""},"img":{"alt_text":"","src":"","width":0,"height":0},"classes":[]},{"id":2971,"url":"https:\/\/antropologiasdelsur.org\/?page_id=2971","url_meta":{"origin":505,"position":2},"title":"GT A educa\u00e7\u00e3o no enfrentamento da crise civilizat\u00f3ria","author":"Annel Mej\u00edas","date":"14\/05\/2026","format":false,"excerpt":"T\u00edtulo: \"A educa\u00e7\u00e3o no enfrentamento da crise civilizat\u00f3ria: pesquisar contracolonialmente e disciplinarmente no Brasil e na Col\u00f4mbia\" Coordinaci\u00f3n Dra. Carolina Tamayo Osorio (Universidade Estadual do Par\u00e1, Brasil)Dr. \u00d3scar Guillermo Charry (Universidad de Antioquia, Col\u00f4mbia) Moderaci\u00f3n Dra. Elizabeth Gomes Souza (Universidade Federal do Par\u00e1, Brasil) Resumen Este GT tem como prop\u00f3sito\u2026","rel":"","context":"Entrada similar","block_context":{"text":"Entrada similar","link":""},"img":{"alt_text":"","src":"","width":0,"height":0},"classes":[]},{"id":75,"url":"https:\/\/antropologiasdelsur.org\/?page_id=75","url_meta":{"origin":505,"position":3},"title":"\u00bfQui\u00e9nes somos?","author":"petrizzo","date":"12\/09\/2015","format":false,"excerpt":"La\u00a0Red de Antropolog\u00edas del Sur\u00a0congrega a un grupo de investigadorxs de las ciencias sociales de Am\u00e9rica Latina, especialmente de la antropolog\u00eda, quienes decidieron congregarse en el a\u00f1o 2015 para organizar el\u00a0Primer Congreso Internacional de Antropolog\u00edas del Sur realizado un a\u00f1o luego, en octubre del 2016 en M\u00e9rida, Venezuela.Posteriormente, la Red\u2026","rel":"","context":"Entrada similar","block_context":{"text":"Entrada similar","link":""},"img":{"alt_text":"M.Sc. Annel Mej\u00edas Guiza (coordinadora general\/ULA, Venezuela","src":"https:\/\/i0.wp.com\/antropologiasdelsur.org\/wp-content\/uploads\/2026\/04\/Annel-Mejias-Guiza-sitio-web-300x254-1-150x150.jpg?resize=350%2C200&ssl=1","width":350,"height":200},"classes":[]},{"id":509,"url":"https:\/\/antropologiasdelsur.org\/?page_id=509","url_meta":{"origin":505,"position":4},"title":"Brasil","author":"Diego Camilo Figueroa","date":"12\/08\/2019","format":false,"excerpt":"Cap\u00edtulo Brasil do 2\u00b0 Congresso Internacional de Antropologias do Sul A antropologia em movimento: reflexividade, posicionamentos e pr\u00e1ticas Atividade pr\u00e9 32\u00b0 Reuni\u00e3o Brasileira de Antropologia Transmiss\u00e3o pela TV ABA: https:\/\/www.youtube.com\/tvaba Data: 15 y 27\/10\/2020 O cap\u00edtulo Brasil ser\u00e1 composto de dois pain\u00e9is: PAINEL1 \u201cAntropologia na Am\u00e9rica do Sul: algumas reflex\u00f5es\u201d:\u2026","rel":"","context":"Entrada similar","block_context":{"text":"Entrada similar","link":""},"img":{"alt_text":"","src":"https:\/\/i0.wp.com\/antropologiasdelsur.org\/wp-content\/uploads\/2020\/10\/AFICHE-CAPITULO-BRASIL-1-BR-300x228.jpg?resize=350%2C200","width":350,"height":200,"srcset":"https:\/\/i0.wp.com\/antropologiasdelsur.org\/wp-content\/uploads\/2020\/10\/AFICHE-CAPITULO-BRASIL-1-BR-300x228.jpg?resize=350%2C200 1x, https:\/\/i0.wp.com\/antropologiasdelsur.org\/wp-content\/uploads\/2020\/10\/AFICHE-CAPITULO-BRASIL-1-BR-300x228.jpg?resize=525%2C300 1.5x"},"classes":[]},{"id":2880,"url":"https:\/\/antropologiasdelsur.org\/?page_id=2880","url_meta":{"origin":505,"position":5},"title":"GT Resistencias Transnacionales","author":"Annel Mej\u00edas","date":"14\/05\/2026","format":false,"excerpt":"T\u00edtulo: \"Resistencias Transnacionales: An\u00e1lisis Comparativo de Econom\u00eda Popular en Per\u00fa, Colombia y Venezuela, retos sociopol\u00edticos y an\u00e1lisis Modelo de Ecuaciones Estructurales\" Coordinaci\u00f3n Mag. Myriam Mercedes Cala Amaya (Unidades Tecnol\u00f3gicas de Santander - UTS, Colombia)Mag. Yasher Delfin Silva (Universidad Aut\u00f3noma del Per\u00fa, Per\u00fa) Moderaci\u00f3n Mag. Ysrael Alberto Mart\u00ednez Contreras (Universidad Aut\u00f3noma\u2026","rel":"","context":"Entrada similar","block_context":{"text":"Entrada similar","link":""},"img":{"alt_text":"","src":"","width":0,"height":0},"classes":[]}],"_links":{"self":[{"href":"https:\/\/antropologiasdelsur.org\/index.php?rest_route=\/wp\/v2\/pages\/505","targetHints":{"allow":["GET"]}}],"collection":[{"href":"https:\/\/antropologiasdelsur.org\/index.php?rest_route=\/wp\/v2\/pages"}],"about":[{"href":"https:\/\/antropologiasdelsur.org\/index.php?rest_route=\/wp\/v2\/types\/page"}],"author":[{"embeddable":true,"href":"https:\/\/antropologiasdelsur.org\/index.php?rest_route=\/wp\/v2\/users\/3"}],"replies":[{"embeddable":true,"href":"https:\/\/antropologiasdelsur.org\/index.php?rest_route=%2Fwp%2Fv2%2Fcomments&post=505"}],"version-history":[{"count":1,"href":"https:\/\/antropologiasdelsur.org\/index.php?rest_route=\/wp\/v2\/pages\/505\/revisions"}],"predecessor-version":[{"id":506,"href":"https:\/\/antropologiasdelsur.org\/index.php?rest_route=\/wp\/v2\/pages\/505\/revisions\/506"}],"up":[{"embeddable":true,"href":"https:\/\/antropologiasdelsur.org\/index.php?rest_route=\/wp\/v2\/pages\/476"}],"wp:attachment":[{"href":"https:\/\/antropologiasdelsur.org\/index.php?rest_route=%2Fwp%2Fv2%2Fmedia&parent=505"}],"curies":[{"name":"wp","href":"https:\/\/api.w.org\/{rel}","templated":true}]}}