{"id":509,"date":"2019-08-12T18:33:31","date_gmt":"2019-08-12T23:03:31","guid":{"rendered":"http:\/\/antropologiasdelsur.org.ve\/?page_id=509"},"modified":"2022-10-24T10:48:04","modified_gmt":"2022-10-24T15:18:04","slug":"brasil","status":"publish","type":"page","link":"https:\/\/antropologiasdelsur.org\/?page_id=509","title":{"rendered":"Brasil"},"content":{"rendered":"<h1 style=\"text-align: center;\"><span style=\"color: #993300;\"><strong>Cap\u00edtulo Brasil do 2\u00b0 Congresso Internacional de Antropologias do Sul<\/strong><\/span><\/h1>\n<h1 style=\"text-align: center;\"><span style=\"color: #993300;\"><strong>A antropologia em movimento: reflexividade, posicionamentos e pr\u00e1ticas<br><\/strong><\/span><\/h1>\n<h2 style=\"text-align: center;\"><strong><span style=\"color: #993300;\">Atividade pr\u00e9 32\u00b0 Reuni\u00e3o Brasileira de Antropologia<\/span><\/strong><\/h2>\n<h3 style=\"text-align: center;\"><strong><span style=\"color: #0d5e0d;\">Transmiss\u00e3o pela TV ABA:<\/span><\/strong> <a href=\"https:\/\/www.youtube.com\/tvaba\" target=\"_blank\" rel=\"noopener noreferrer\">https:\/\/www.youtube.com\/tvaba<\/a><\/h3>\n<h3 style=\"text-align: center;\"><strong><span style=\"color: #0d5e0d;\">Data:<\/span> <span style=\"color: #000000;\">15 y 27\/10\/2020<\/span><\/strong><\/h3>\n<p><a href=\"https:\/\/i0.wp.com\/antropologiasdelsur.org\/wp-content\/uploads\/2020\/10\/AFICHE-CAPITULO-BRASIL-1-BR.jpg\"><img data-recalc-dims=\"1\" fetchpriority=\"high\" decoding=\"async\" data-attachment-id=\"1183\" data-permalink=\"https:\/\/antropologiasdelsur.org\/?attachment_id=1183#main\" data-orig-file=\"https:\/\/i0.wp.com\/antropologiasdelsur.org\/wp-content\/uploads\/2020\/10\/AFICHE-CAPITULO-BRASIL-1-BR.jpg?fit=1417%2C1078&amp;ssl=1\" data-orig-size=\"1417,1078\" data-comments-opened=\"1\" data-image-meta=\"{&quot;aperture&quot;:&quot;0&quot;,&quot;credit&quot;:&quot;&quot;,&quot;camera&quot;:&quot;&quot;,&quot;caption&quot;:&quot;&quot;,&quot;created_timestamp&quot;:&quot;0&quot;,&quot;copyright&quot;:&quot;&quot;,&quot;focal_length&quot;:&quot;0&quot;,&quot;iso&quot;:&quot;0&quot;,&quot;shutter_speed&quot;:&quot;0&quot;,&quot;title&quot;:&quot;AFICHE CAPITULO BRASIL&quot;,&quot;orientation&quot;:&quot;1&quot;}\" data-image-title=\"AFICHE CAPITULO BRASIL\" data-image-description=\"\" data-image-caption=\"\" data-large-file=\"https:\/\/i0.wp.com\/antropologiasdelsur.org\/wp-content\/uploads\/2020\/10\/AFICHE-CAPITULO-BRASIL-1-BR.jpg?fit=1024%2C779&amp;ssl=1\" class=\" wp-image-1183 aligncenter\" src=\"https:\/\/i0.wp.com\/antropologiasdelsur.org\/wp-content\/uploads\/2020\/10\/AFICHE-CAPITULO-BRASIL-1-BR-300x228.jpg?resize=616%2C468\" alt=\"\" width=\"616\" height=\"468\" srcset=\"https:\/\/i0.wp.com\/antropologiasdelsur.org\/wp-content\/uploads\/2020\/10\/AFICHE-CAPITULO-BRASIL-1-BR.jpg?resize=300%2C228&amp;ssl=1 300w, https:\/\/i0.wp.com\/antropologiasdelsur.org\/wp-content\/uploads\/2020\/10\/AFICHE-CAPITULO-BRASIL-1-BR.jpg?resize=1024%2C779&amp;ssl=1 1024w, https:\/\/i0.wp.com\/antropologiasdelsur.org\/wp-content\/uploads\/2020\/10\/AFICHE-CAPITULO-BRASIL-1-BR.jpg?resize=768%2C584&amp;ssl=1 768w, https:\/\/i0.wp.com\/antropologiasdelsur.org\/wp-content\/uploads\/2020\/10\/AFICHE-CAPITULO-BRASIL-1-BR.jpg?w=1417&amp;ssl=1 1417w\" sizes=\"(max-width: 616px) 100vw, 616px\" \/><\/a><\/p>\n<h4><strong>O cap\u00edtulo Brasil ser\u00e1 composto de dois pain\u00e9is:<\/strong><\/h4>\n<h3><span style=\"color: #0d5e0d;\"><strong>PAINEL1 <u>\u201cAntropologia na Am\u00e9rica do Sul: algumas reflex\u00f5es\u201d:<\/u><\/strong><\/span><\/h3>\n<h4><strong>O painel ter\u00e1 como objetivo apresentar a Rede de Antropologias do Sul e reunir antrop\u00f3logos de cinco pa\u00edses da Am\u00e9rica do Sul (Brasil, Venezuela, Bol\u00edvia, Col\u00f4mbia e Argentina) para apresentarem suas experi\u00eancias e pr\u00e1ticas de pesquisa em contextos de engajamento e cr\u00edtica \u00e0 colonialidade do poder.<\/strong><\/h4>\n<h4><span style=\"color: #0d5e0d;\"><strong>Objetivos do painel:<\/strong><\/span><\/h4>\n<ol>\n<li>\n<h4><strong>A Rede de Antropologias do Sul: em se constitui? Quais principais propostas<\/strong><\/h4>\n<\/li>\n<li>\n<h4><strong>Experi\u00eancias, pr\u00e1ticas de pesquisa, engajamentos e reflexividade: antrop\u00f3logxs de cinco pa\u00edses da Am\u00e9rica do Sul \u2013 Brasil, Venezuela, Bol\u00edvia, Col\u00f4mbia e Argentina.<\/strong><\/h4>\n<\/li>\n<\/ol>\n<h4><strong><span style=\"color: #993300;\">Data:<\/span> 15\/10\/2020, 15 hs (Bras\u00edlia) \/ 14 hs (Venezuela)<\/strong><\/h4>\n<h4 dir=\"ltr\" data-placeholder=\"Traducci\u00f3n\">&nbsp;<\/h4>\n<h4 id=\"tw-target-text\" class=\"tw-data-text tw-text-large XcVN5d tw-ta\" dir=\"ltr\" style=\"text-align: center;\" data-placeholder=\"Traducci\u00f3n\"><strong><span style=\"color: #993300;\"><span lang=\"pt\">Com a participa\u00e7\u00e3o de<\/span>:<\/span><\/strong><\/h4>\n<h4 style=\"text-align: center;\"><span style=\"color: #0d5e0d;\"><strong>Annel del Mar Mej\u00edas Guiza<\/strong><\/span><\/h4>\n<h4 style=\"text-align: center;\"><strong>Universidade de Los Andes (ULA), Venezuela<\/strong><\/h4>\n<h4 style=\"text-align: center;\"><strong>Rede de Antropologias do Sul<\/strong><\/h4>\n<h4 style=\"text-align: center;\">&nbsp;<\/h4>\n<h4 style=\"text-align: center;\"><span style=\"color: #0d5e0d;\"><strong>Javier Reynaldo Romero Flores<\/strong><\/span><\/h4>\n<h4 style=\"text-align: center;\"><strong>Universidad Mayor de San Sim\u00f3n (UMSS), Bolivia<\/strong><\/h4>\n<h4 style=\"text-align: center;\"><strong>Rede de Antropologias do Sul<\/strong><\/h4>\n<h4 style=\"text-align: center;\">&nbsp;<\/h4>\n<h4 style=\"text-align: center;\"><span style=\"color: #0d5e0d;\"><strong>Marianela Stagnaro<\/strong><\/span><\/h4>\n<h4 style=\"text-align: center;\"><strong>Instituto de Culturas Abor\u00edgenes, C\u00f3rdoba, Argentina<\/strong><\/h4>\n<h4 style=\"text-align: center;\"><strong>Rede de Antropologias do Sul<\/strong><\/h4>\n<h4 style=\"text-align: center;\">&nbsp;<\/h4>\n<h4 style=\"text-align: center;\"><span style=\"color: #0d5e0d;\"><strong>Alhena Caicedo<\/strong><\/span><\/h4>\n<h4 style=\"text-align: center;\"><strong>Asociaci\u00f3n Colombiana de Antropolog\u00eda (ACANT), Col\u00f4mbia<\/strong><\/h4>\n<h4 style=\"text-align: center;\">&nbsp;<\/h4>\n<h4 style=\"text-align: center;\"><span style=\"color: #0d5e0d;\"><strong>Alfredo Wagner Berno de Almeida<\/strong><\/span><\/h4>\n<h4 style=\"text-align: center;\"><strong>Projeto Nova Cartografia Social da Amaz\u00f4nia, Universidade Estadual do Amazonas (UEA), Brasil<\/strong><\/h4>\n<h4 style=\"text-align: center;\">&nbsp;<\/h4>\n<h4 style=\"text-align: center;\"><span style=\"color: #993300;\"><strong>Mediadorado Painel<\/strong><\/span><\/h4>\n<h4 style=\"text-align: center;\"><span style=\"color: #0d5e0d;\"><strong>Deborah Bronz<\/strong><\/span><\/h4>\n<h4 style=\"text-align: center;\"><strong>Universidade Federal Fluminense (UFF)<\/strong><\/h4>\n<h4><a href=\"https:\/\/i0.wp.com\/antropologiasdelsur.org\/wp-content\/uploads\/2020\/10\/Afiche-Panel-1-Capitulo-Brasil-BR.jpg\"><img data-recalc-dims=\"1\" decoding=\"async\" data-attachment-id=\"1184\" data-permalink=\"https:\/\/antropologiasdelsur.org\/?attachment_id=1184#main\" data-orig-file=\"https:\/\/i0.wp.com\/antropologiasdelsur.org\/wp-content\/uploads\/2020\/10\/Afiche-Panel-1-Capitulo-Brasil-BR.jpg?fit=1002%2C1417&amp;ssl=1\" data-orig-size=\"1002,1417\" data-comments-opened=\"1\" data-image-meta=\"{&quot;aperture&quot;:&quot;0&quot;,&quot;credit&quot;:&quot;&quot;,&quot;camera&quot;:&quot;&quot;,&quot;caption&quot;:&quot;&quot;,&quot;created_timestamp&quot;:&quot;0&quot;,&quot;copyright&quot;:&quot;&quot;,&quot;focal_length&quot;:&quot;0&quot;,&quot;iso&quot;:&quot;0&quot;,&quot;shutter_speed&quot;:&quot;0&quot;,&quot;title&quot;:&quot;&quot;,&quot;orientation&quot;:&quot;1&quot;}\" data-image-title=\"Afiche Panel 1 Cap\u00edtulo Brasil BR\" data-image-description=\"\" data-image-caption=\"\" data-large-file=\"https:\/\/i0.wp.com\/antropologiasdelsur.org\/wp-content\/uploads\/2020\/10\/Afiche-Panel-1-Capitulo-Brasil-BR.jpg?fit=724%2C1024&amp;ssl=1\" class=\" wp-image-1184 aligncenter\" src=\"https:\/\/i0.wp.com\/antropologiasdelsur.org\/wp-content\/uploads\/2020\/10\/Afiche-Panel-1-Capitulo-Brasil-BR-212x300.jpg?resize=580%2C821\" alt=\"\" width=\"580\" height=\"821\" srcset=\"https:\/\/i0.wp.com\/antropologiasdelsur.org\/wp-content\/uploads\/2020\/10\/Afiche-Panel-1-Capitulo-Brasil-BR.jpg?resize=212%2C300&amp;ssl=1 212w, https:\/\/i0.wp.com\/antropologiasdelsur.org\/wp-content\/uploads\/2020\/10\/Afiche-Panel-1-Capitulo-Brasil-BR.jpg?resize=724%2C1024&amp;ssl=1 724w, https:\/\/i0.wp.com\/antropologiasdelsur.org\/wp-content\/uploads\/2020\/10\/Afiche-Panel-1-Capitulo-Brasil-BR.jpg?resize=768%2C1086&amp;ssl=1 768w, https:\/\/i0.wp.com\/antropologiasdelsur.org\/wp-content\/uploads\/2020\/10\/Afiche-Panel-1-Capitulo-Brasil-BR.jpg?w=1002&amp;ssl=1 1002w\" sizes=\"(max-width: 580px) 100vw, 580px\" \/><\/a><\/h4>\n<h3>&nbsp;<\/h3>\n<h4 style=\"text-align: center;\"><strong><span style=\"color: #993300;\">Enlace web Painel II:<\/span><\/strong><\/h4>\n<p><span class=\"embed-youtube\" style=\"text-align:center; display: block;\"><iframe class=\"youtube-player\" width=\"1170\" height=\"659\" src=\"https:\/\/www.youtube.com\/embed\/yFY46SbjfKY?version=3&#038;rel=1&#038;showsearch=0&#038;showinfo=1&#038;iv_load_policy=1&#038;fs=1&#038;hl=es-ES&#038;autohide=2&#038;wmode=transparent\" allowfullscreen=\"true\" style=\"border:0;\" sandbox=\"allow-scripts allow-same-origin allow-popups allow-presentation allow-popups-to-escape-sandbox\"><\/iframe><\/span><\/p>\n<p><\/p>\n<h3 style=\"text-align: center;\"><span style=\"color: #0d5e0d;\"><strong>PAINEL II <u>\u201cPertencimento, Engajamento e Cr\u00edtica: a antropologia sob novas perspectivas\u201d:<\/u><\/strong><\/span><\/h3>\n<h4><strong>O painel ter\u00e1 como objetivo reunir antrop\u00f3logos e antrop\u00f3logas que pertencem a povos ind\u00edgenas, comunidades quilombolas e povos de terreiro do Brasil, para refletirem sobre suas experi\u00eancias de pesquisa e engajamento, colocando em perspectiva a pr\u00f3pria antropologia e ampliando suas possibilidades te\u00f3ricas, anal\u00edticas e etnogr\u00e1ficas.<\/strong><\/h4>\n<h4><span style=\"color: #993300;\"><strong>Objetivos do Painel:<\/strong><\/span><\/h4>\n<h4><strong>Reunir antrop\u00f3logos que pertencem a povos ind\u00edgenas, comunidades quilombolas e povos de terreiro do Brasil, para refletirem sobre suas experi\u00eancias de pesquisa e engajamento, colocando em perspectiva a pr\u00f3pria antropologia e ampliando suas possibilidades te\u00f3ricas, anal\u00edticas e etnogr\u00e1ficas.<\/strong><\/h4>\n<h4><strong><span style=\"color: #993300;\">Data:<\/span> 27\/10\/2020, 15 hs (Bras\u00edlia) \/ 14 hs (Venezuela)<\/strong><\/h4>\n<h4 dir=\"ltr\" data-placeholder=\"Traducci\u00f3n\">&nbsp;<\/h4>\n<h4 id=\"tw-target-text\" class=\"tw-data-text tw-text-large XcVN5d tw-ta\" dir=\"ltr\" style=\"text-align: center;\" data-placeholder=\"Traducci\u00f3n\"><span style=\"color: #993300;\"><strong><span lang=\"pt\">Com a participa\u00e7\u00e3o de:<\/span><\/strong><\/span><\/h4>\n<h4 style=\"text-align: center;\"><span style=\"color: #0d5e0d;\"><strong>Felipe Sotto Maior Cruz<\/strong><\/span><\/h4>\n<h4 style=\"text-align: center;\"><strong>OPAR\u00c0, <\/strong><strong>Universidade Estadual da Bahia (UNEB)<br><\/strong><\/h4>\n<h4 style=\"text-align: center;\"><span style=\"color: #0d5e0d;\"><strong>Braulina Aurora<\/strong><\/span><\/h4>\n<h4 style=\"text-align: center;\"><strong>Universidade de Bras\u00edlia (UNB)<\/strong><\/h4>\n<h4 style=\"text-align: center;\">&nbsp;<\/h4>\n<h4 style=\"text-align: center;\"><span style=\"color: #0d5e0d;\"><strong>Davi Pereira J\u00fanior<\/strong><\/span><\/h4>\n<h4 style=\"text-align: center;\"><strong>Universidade do Texas (UT)<\/strong><\/h4>\n<h4 style=\"text-align: center;\">&nbsp;<\/h4>\n<h4 style=\"text-align: center;\"><span style=\"color: #0d5e0d;\"><strong>Carla Ramos<\/strong><\/span><\/h4>\n<h4 style=\"text-align: center;\"><strong>Universidade Federal do Oeste do Par\u00e1 (UFOPA)<\/strong><\/h4>\n<h4>&nbsp;<\/h4>\n<h4 style=\"text-align: center;\"><span style=\"color: #993300;\"><strong>Mediadorado Painel<\/strong><\/span><\/h4>\n<h4 style=\"text-align: center;\"><span style=\"color: #0d5e0d;\"><strong>Ana Cl\u00e1udia Gomes de Souza<\/strong><\/span><\/h4>\n<h4 style=\"text-align: center;\"><strong>Universidade da Integra\u00e7\u00e3o Internacional da Lusofonia Afro-Brasileira (UNILAB)<\/strong><\/h4>\n<h3>&nbsp;<\/h3>\n<h3 style=\"text-align: center;\"><span style=\"color: #0d5e0d;\"><strong>Comiss\u00e3o Organizadora<\/strong><\/span><\/h3>\n<h4 style=\"text-align: center;\"><strong>Davi Pereira J\u00fanior (UT), Deborah Bronz (UFF), Felipe Sotto Maior Cruz (UNEB), Franklin Plessmann de Carvalho (UFRB)<\/strong><\/h4>\n<h4>&nbsp;<\/h4>\n<h3 style=\"text-align: center;\"><span style=\"color: #0d5e0d;\"><strong>Instituciones organizadoras<\/strong><\/span><\/h3>\n<h4 style=\"text-align: center;\"><strong>ABA \/ 32\u00b0 RBA \/ Grupo de Estudos Amaz\u00f4nico e Ambientais, Universidade Federal Fluminense (UFF)<\/strong><\/h4>\n<p><a href=\"https:\/\/i0.wp.com\/antropologiasdelsur.org\/wp-content\/uploads\/2020\/10\/Afiche-Panel-2-Capitulo-Brasil-BR.jpg\"><img data-recalc-dims=\"1\" decoding=\"async\" data-attachment-id=\"1185\" data-permalink=\"https:\/\/antropologiasdelsur.org\/?attachment_id=1185#main\" data-orig-file=\"https:\/\/i0.wp.com\/antropologiasdelsur.org\/wp-content\/uploads\/2020\/10\/Afiche-Panel-2-Capitulo-Brasil-BR.jpg?fit=1002%2C1417&amp;ssl=1\" data-orig-size=\"1002,1417\" data-comments-opened=\"1\" data-image-meta=\"{&quot;aperture&quot;:&quot;0&quot;,&quot;credit&quot;:&quot;&quot;,&quot;camera&quot;:&quot;&quot;,&quot;caption&quot;:&quot;&quot;,&quot;created_timestamp&quot;:&quot;0&quot;,&quot;copyright&quot;:&quot;&quot;,&quot;focal_length&quot;:&quot;0&quot;,&quot;iso&quot;:&quot;0&quot;,&quot;shutter_speed&quot;:&quot;0&quot;,&quot;title&quot;:&quot;&quot;,&quot;orientation&quot;:&quot;1&quot;}\" data-image-title=\"Afiche Panel 2 Cap\u00edtulo Brasil BR\" data-image-description=\"\" data-image-caption=\"\" data-large-file=\"https:\/\/i0.wp.com\/antropologiasdelsur.org\/wp-content\/uploads\/2020\/10\/Afiche-Panel-2-Capitulo-Brasil-BR.jpg?fit=724%2C1024&amp;ssl=1\" class=\" wp-image-1185 aligncenter\" src=\"https:\/\/i0.wp.com\/antropologiasdelsur.org\/wp-content\/uploads\/2020\/10\/Afiche-Panel-2-Capitulo-Brasil-BR-212x300.jpg?resize=616%2C871\" alt=\"\" width=\"616\" height=\"871\" srcset=\"https:\/\/i0.wp.com\/antropologiasdelsur.org\/wp-content\/uploads\/2020\/10\/Afiche-Panel-2-Capitulo-Brasil-BR.jpg?resize=212%2C300&amp;ssl=1 212w, https:\/\/i0.wp.com\/antropologiasdelsur.org\/wp-content\/uploads\/2020\/10\/Afiche-Panel-2-Capitulo-Brasil-BR.jpg?resize=724%2C1024&amp;ssl=1 724w, https:\/\/i0.wp.com\/antropologiasdelsur.org\/wp-content\/uploads\/2020\/10\/Afiche-Panel-2-Capitulo-Brasil-BR.jpg?resize=768%2C1086&amp;ssl=1 768w, https:\/\/i0.wp.com\/antropologiasdelsur.org\/wp-content\/uploads\/2020\/10\/Afiche-Panel-2-Capitulo-Brasil-BR.jpg?w=1002&amp;ssl=1 1002w\" sizes=\"(max-width: 616px) 100vw, 616px\" \/><\/a><\/p>\n\n\n<p><\/p>\n\n\n\n<h4 class=\"has-text-align-center wp-block-heading\"><strong><span style=\"color:#a71616\" class=\"has-inline-color\">Enlace web Painel II:<\/span><\/strong><\/h4>\n\n\n\n<figure class=\"wp-block-embed-youtube wp-block-embed is-type-video is-provider-youtube wp-embed-aspect-16-9 wp-has-aspect-ratio\"><div class=\"wp-block-embed__wrapper\">\n<span class=\"embed-youtube\" style=\"text-align:center; display: block;\"><iframe class=\"youtube-player\" width=\"1170\" height=\"659\" src=\"https:\/\/www.youtube.com\/embed\/KXsCJy3U1wQ?version=3&#038;rel=1&#038;showsearch=0&#038;showinfo=1&#038;iv_load_policy=1&#038;fs=1&#038;hl=es-ES&#038;autohide=2&#038;wmode=transparent\" allowfullscreen=\"true\" style=\"border:0;\" sandbox=\"allow-scripts allow-same-origin allow-popups allow-presentation allow-popups-to-escape-sandbox\"><\/iframe><\/span>\n<\/div><\/figure>\n","protected":false},"excerpt":{"rendered":"<p>Cap\u00edtulo Brasil do 2\u00b0 Congresso Internacional de Antropologias do Sul A antropologia em movimento: reflexividade, posicionamentos e pr\u00e1ticas Atividade pr\u00e9 32\u00b0 Reuni\u00e3o Brasileira de Antropologia Transmiss\u00e3o pela TV ABA: https:\/\/www.youtube.com\/tvaba Data: 15 y 27\/10\/2020 O cap\u00edtulo Brasil ser\u00e1 composto de dois pain\u00e9is: PAINEL1 \u201cAntropologia na Am\u00e9rica do Sul: algumas reflex\u00f5es\u201d: O painel ter\u00e1 como objetivo<\/p>\n<p><a href=\"https:\/\/antropologiasdelsur.org\/?page_id=509\" class=\"more-link themebutton\">Leer m\u00e1s<\/a><\/p>\n","protected":false},"author":3,"featured_media":0,"parent":476,"menu_order":0,"comment_status":"closed","ping_status":"closed","template":"","meta":{"footnotes":""},"class_list":["post-509","page","type-page","status-publish","hentry"],"jetpack_sharing_enabled":true,"jetpack_shortlink":"https:\/\/wp.me\/P7en3k-8d","jetpack-related-posts":[{"id":485,"url":"https:\/\/antropologiasdelsur.org\/","url_meta":{"origin":509,"position":0},"title":"Inicio","author":"Diego Camilo Figueroa","date":"12\/08\/2019","format":false,"excerpt":"La Triple Frontera es un trifinio situado en el cruce de fronteras entre Argentina (Puerto de Iguaz\u00fa, provincia de Misiones), Brasil (Foz de Igua\u00e7u, estado de Paran\u00e1) y Paraguay (Presidente Franco y Ciudad del Este, departamento de Alto Paran\u00e1), cerca de las cataratas de Igua\u00e7u. \/ A Tr\u00edplice Fronteira \u00e9\u2026","rel":"","context":"Entrada similar","block_context":{"text":"Entrada similar","link":""},"img":{"alt_text":"La Triple Frontera es un trifinio situado en el cruce de fronteras entre Argentina (Puerto de Iguaz\u00fa, provincia de Misiones), Brasil (Foz de Igua\u00e7u, estado de Paran\u00e1) y Paraguay (Presidente Franco y Ciudad del Este, departamento de Alto Paran\u00e1), cerca de las cataratas de Igua\u00e7u. \/ A Tr\u00edplice Fronteira \u00e9 um ponto tr\u00edplice localizado na fronteira entre a Argentina (Puerto Iguaz\u00fa, prov\u00edncia de Misiones), o Brasil (Foz do Igua\u00e7u, estado do Paran\u00e1) e o Paraguai (Presidente Franco e Ciudad del Este, departamento do Alto Paran\u00e1), pr\u00f3ximo \u00e0s Cataratas do Igua\u00e7u. Foto: https:\/\/www.civitatis.com\/es","src":"https:\/\/i0.wp.com\/antropologiasdelsur.org\/wp-content\/uploads\/2026\/01\/1-UNILA-1024x684.jpeg?resize=350%2C200&ssl=1","width":350,"height":200,"srcset":"https:\/\/i0.wp.com\/antropologiasdelsur.org\/wp-content\/uploads\/2026\/01\/1-UNILA-1024x684.jpeg?resize=350%2C200&ssl=1 1x, https:\/\/i0.wp.com\/antropologiasdelsur.org\/wp-content\/uploads\/2026\/01\/1-UNILA-1024x684.jpeg?resize=525%2C300&ssl=1 1.5x, https:\/\/i0.wp.com\/antropologiasdelsur.org\/wp-content\/uploads\/2026\/01\/1-UNILA-1024x684.jpeg?resize=700%2C400&ssl=1 2x"},"classes":[]},{"id":2153,"url":"https:\/\/antropologiasdelsur.org\/?page_id=2153","url_meta":{"origin":509,"position":1},"title":"Convocatoria Antropolog\u00eda Visual","author":"petrizzo","date":"03\/04\/2026","format":false,"excerpt":"3er CONGRESO INTERNACIONAL DE ANTROPOLOG\u00cdA DEL SUR 2026 \u201cANTROPOLOG\u00cdAS DEL SUR FRENTE A UN MUNDO EN CONFLICTO: DESAF\u00cdOS EPISTEMOL\u00d3GICOS, \u00c9TICOS Y POL\u00cdTICOS\u201d 4-6 de noviembre de 2026 Foz do Igua\u00e7u \u2013 Paran\u00e1 \u2013 Brasil ESPA\u00d1OL Edici\u00f3n para la Exposici\u00f3n de Fotograf\u00edas y Pel\u00edculas Etnogr\u00e1ficas Fechas: La recepci\u00f3n de propuestas estar\u00e1\u2026","rel":"","context":"Entrada similar","block_context":{"text":"Entrada similar","link":""},"img":{"alt_text":"","src":"","width":0,"height":0},"classes":[]},{"id":75,"url":"https:\/\/antropologiasdelsur.org\/?page_id=75","url_meta":{"origin":509,"position":2},"title":"\u00bfQui\u00e9nes somos?","author":"petrizzo","date":"12\/09\/2015","format":false,"excerpt":"La\u00a0Red de Antropolog\u00edas del Sur\u00a0congrega a un grupo de investigadorxs de las ciencias sociales de Am\u00e9rica Latina, especialmente de la antropolog\u00eda, quienes decidieron congregarse en el a\u00f1o 2015 para organizar el\u00a0Primer Congreso Internacional de Antropolog\u00edas del Sur realizado un a\u00f1o luego, en octubre del 2016 en M\u00e9rida, Venezuela.Posteriormente, la Red\u2026","rel":"","context":"Entrada similar","block_context":{"text":"Entrada similar","link":""},"img":{"alt_text":"M.Sc. Annel Mej\u00edas Guiza (coordinadora general\/ULA, Venezuela","src":"https:\/\/i0.wp.com\/antropologiasdelsur.org\/wp-content\/uploads\/2026\/04\/Annel-Mejias-Guiza-sitio-web-300x254-1-150x150.jpg?resize=350%2C200&ssl=1","width":350,"height":200},"classes":[]},{"id":1712,"url":"https:\/\/antropologiasdelsur.org\/?page_id=1712","url_meta":{"origin":509,"position":3},"title":"Modalidades de participaci\u00f3n","author":"Annel Mej\u00edas","date":"10\/01\/2026","format":false,"excerpt":"EN ESPA\u00d1OL:Se abrir\u00e1n tres modalidades p\u00fablicas de participaci\u00f3n\u00a0y una modalidad interna\u00a0en el 3er Congreso Internacional de Antropolog\u00edas del Sur, esta \u00faltima propuesta por el Comit\u00e9 Organizador y Comit\u00e9 Acad\u00e9mico del congreso:Grupos de Trabajo (GT): la intenci\u00f3n es que se presenten grupos que est\u00e9n desarrollando una tem\u00e1tica en colectivo para que,\u2026","rel":"","context":"Entrada similar","block_context":{"text":"Entrada similar","link":""},"img":{"alt_text":"","src":"","width":0,"height":0},"classes":[]},{"id":78,"url":"https:\/\/antropologiasdelsur.org\/?page_id=78","url_meta":{"origin":509,"position":4},"title":"Circulares","author":"petrizzo","date":"12\/09\/2015","format":false,"excerpt":"1ERA CIRCULARCompartimos la 1era Circular del 3er Congreso Internacional de Antropolog\u00edas del Sur 2026, donde se explican los ejes tem\u00e1ticos, las modalidades de participaci\u00f3n y el cronograma. \/\u00a0Compartilhamos a 1\u00aa Circular do 3\u00ba Congresso Internacional de Antropologias do Sul de 2026, que explica os eixos tem\u00e1ticos, as modalidades de participa\u00e7\u00e3o\u2026","rel":"","context":"Entrada similar","block_context":{"text":"Entrada similar","link":""},"img":{"alt_text":"","src":"","width":0,"height":0},"classes":[]},{"id":2,"url":"https:\/\/antropologiasdelsur.org\/?page_id=2","url_meta":{"origin":509,"position":5},"title":"Primer Congreso","author":"petrizzo","date":"04\/06\/2015","format":false,"excerpt":"PRIMER CONGRESO INTERNACIONAL DE ANTROPOLOG\u00cdAS DEL SUR 2016 FECHAS IMPORTANTES: Inscripciones: la preinscripci\u00f3n se realizar\u00e1 por la p\u00e1gina electr\u00f3nica, que pronto se anunciar\u00e1; pueden enviar para su evaluaci\u00f3n los res\u00famenes de ponencia por el correo electr\u00f3nico: congresoantropologiadelsur2016@gmail.com. La inscripci\u00f3n ser\u00e1 presencial el 10\/10\/2016 y la inauguraci\u00f3n se har\u00e1 ese mismo\u2026","rel":"","context":"Con 2 comentarios","block_context":{"text":"Con 2 comentarios","link":"https:\/\/antropologiasdelsur.org\/?page_id=2#comments"},"img":{"alt_text":"","src":"","width":0,"height":0},"classes":[]}],"_links":{"self":[{"href":"https:\/\/antropologiasdelsur.org\/index.php?rest_route=\/wp\/v2\/pages\/509","targetHints":{"allow":["GET"]}}],"collection":[{"href":"https:\/\/antropologiasdelsur.org\/index.php?rest_route=\/wp\/v2\/pages"}],"about":[{"href":"https:\/\/antropologiasdelsur.org\/index.php?rest_route=\/wp\/v2\/types\/page"}],"author":[{"embeddable":true,"href":"https:\/\/antropologiasdelsur.org\/index.php?rest_route=\/wp\/v2\/users\/3"}],"replies":[{"embeddable":true,"href":"https:\/\/antropologiasdelsur.org\/index.php?rest_route=%2Fwp%2Fv2%2Fcomments&post=509"}],"version-history":[{"count":19,"href":"https:\/\/antropologiasdelsur.org\/index.php?rest_route=\/wp\/v2\/pages\/509\/revisions"}],"predecessor-version":[{"id":1243,"href":"https:\/\/antropologiasdelsur.org\/index.php?rest_route=\/wp\/v2\/pages\/509\/revisions\/1243"}],"up":[{"embeddable":true,"href":"https:\/\/antropologiasdelsur.org\/index.php?rest_route=\/wp\/v2\/pages\/476"}],"wp:attachment":[{"href":"https:\/\/antropologiasdelsur.org\/index.php?rest_route=%2Fwp%2Fv2%2Fmedia&parent=509"}],"curies":[{"name":"wp","href":"https:\/\/api.w.org\/{rel}","templated":true}]}}