{"id":522,"date":"2019-08-12T18:54:53","date_gmt":"2019-08-12T23:24:53","guid":{"rendered":"http:\/\/antropologiasdelsur.org.ve\/?page_id=522"},"modified":"2026-01-10T11:51:02","modified_gmt":"2026-01-10T16:21:02","slug":"programacion","status":"publish","type":"page","link":"https:\/\/antropologiasdelsur.org\/?page_id=522","title":{"rendered":"Programaci\u00f3n"},"content":{"rendered":"\t\t<div data-elementor-type=\"wp-page\" data-elementor-id=\"522\" class=\"elementor elementor-522\">\n\t\t\t\t<div class=\"elementor-element elementor-element-21c4fdc7 e-flex e-con-boxed e-con e-parent\" data-id=\"21c4fdc7\" data-element_type=\"container\" data-e-type=\"container\">\n\t\t\t\t\t<div class=\"e-con-inner\">\n\t\t\t\t<div class=\"elementor-element elementor-element-4e50feb2 elementor-widget elementor-widget-text-editor\" data-id=\"4e50feb2\" data-element_type=\"widget\" data-e-type=\"widget\" data-widget_type=\"text-editor.default\">\n\t\t\t\t\t\t\t\t\t<ul>\n<li>\n<h2><strong><span style=\"color: #003300;\">Venezuela:<\/span><\/strong><\/h2>\n<\/li>\n<\/ul>\n<h3><span style=\"color: #0a400a;\"><strong>Cap\u00edtulo Falc\u00f3n\/Coro:<\/strong><\/span><\/h3>\n<h4>Cada viernes del mes de marzo del 2020.<\/h4>\n<h3><span style=\"color: #0a400a;\"><strong>Cap\u00edtulo Barinas-Venezuela:<\/strong><\/span><\/h3>\n<h4>1-2 de abril del 2020.<\/h4>\n<h3><span style=\"color: #0a400a;\"><strong>Cap\u00edtulo Yaracuy-Venezuela:<\/strong><\/span><\/h3>\n<h4>17-19 de abril del 2020.<\/h4>\n<ul>\n<li>\n<h2><span style=\"color: #003300;\"><strong>Colombia:<\/strong><\/span><\/h2>\n<\/li>\n<\/ul>\n<h3><span style=\"color: #0a400a;\"><strong>Cap\u00edtulo Regi\u00f3n Caribe-Colombia:<\/strong><\/span><\/h3>\n<h4>Agosto del 2022.<\/h4>\n<ul>\n<li>\n<h2><span style=\"color: #0a400a;\"><strong><span style=\"color: #003300;\">Brasil<\/span>:<\/strong><\/span><\/h2>\n<\/li>\n<\/ul>\n<h3><span style=\"color: #0a400a;\"><strong>Cap\u00edtulo Brasil:<\/strong><\/span><\/h3>\n<h4>Octubre de 2020.<\/h4>\n<!-- \/wp:paragraph -->\t\t\t\t\t\t\t\t<\/div>\n\t\t\t\t\t<\/div>\n\t\t\t\t<\/div>\n\t\t\t\t<\/div>\n\t\t","protected":false},"excerpt":{"rendered":"<p>Venezuela: Cap\u00edtulo Falc\u00f3n\/Coro: Cada viernes del mes de marzo del 2020. Cap\u00edtulo Barinas-Venezuela: 1-2 de abril del 2020. Cap\u00edtulo Yaracuy-Venezuela: 17-19 de abril del 2020. Colombia: Cap\u00edtulo Regi\u00f3n Caribe-Colombia: Agosto del 2022. Brasil: Cap\u00edtulo Brasil: Octubre de 2020.<\/p>\n","protected":false},"author":3,"featured_media":0,"parent":0,"menu_order":6,"comment_status":"closed","ping_status":"closed","template":"","meta":{"footnotes":""},"class_list":["post-522","page","type-page","status-publish","hentry"],"jetpack_sharing_enabled":true,"jetpack_shortlink":"https:\/\/wp.me\/P7en3k-8q","jetpack-related-posts":[{"id":476,"url":"https:\/\/antropologiasdelsur.org\/?page_id=476","url_meta":{"origin":522,"position":0},"title":"Cap\u00edtulos","author":"Diego Camilo Figueroa","date":"12\/08\/2019","format":false,"excerpt":"BrasilOrganizado por el Projeto Nova Cartografia Social, da Universidade Federal do Rec\u00f4ncavo da Bahia (UFRB).Fecha:\u00a0julio del 2020.Modalidad: virtual.Primera Circular\u00a0ColombiaRegi\u00f3n Caribe:Organizado por el Centro de Investigaciones Jorge Eli\u00e9cer Gait\u00e1n, de la Escuela de Derecho y Ciencias Sociales de la Corporaci\u00f3n Universitaria del Meta; la Fundaci\u00f3n Universitaria Intercultural Manuel Zapata Olivella (FUIMZO),\u2026","rel":"","context":"Entrada similar","block_context":{"text":"Entrada similar","link":""},"img":{"alt_text":"","src":"","width":0,"height":0},"classes":[]},{"id":509,"url":"https:\/\/antropologiasdelsur.org\/?page_id=509","url_meta":{"origin":522,"position":1},"title":"Brasil","author":"Diego Camilo Figueroa","date":"12\/08\/2019","format":false,"excerpt":"Cap\u00edtulo Brasil do 2\u00b0 Congresso Internacional de Antropologias do Sul A antropologia em movimento: reflexividade, posicionamentos e pr\u00e1ticas Atividade pr\u00e9 32\u00b0 Reuni\u00e3o Brasileira de Antropologia Transmiss\u00e3o pela TV ABA: https:\/\/www.youtube.com\/tvaba Data: 15 y 27\/10\/2020 O cap\u00edtulo Brasil ser\u00e1 composto de dois pain\u00e9is: PAINEL1 \u201cAntropologia na Am\u00e9rica do Sul: algumas reflex\u00f5es\u201d:\u2026","rel":"","context":"Entrada similar","block_context":{"text":"Entrada similar","link":""},"img":{"alt_text":"","src":"https:\/\/i0.wp.com\/antropologiasdelsur.org\/wp-content\/uploads\/2020\/10\/AFICHE-CAPITULO-BRASIL-1-BR-300x228.jpg?resize=350%2C200","width":350,"height":200,"srcset":"https:\/\/i0.wp.com\/antropologiasdelsur.org\/wp-content\/uploads\/2020\/10\/AFICHE-CAPITULO-BRASIL-1-BR-300x228.jpg?resize=350%2C200 1x, https:\/\/i0.wp.com\/antropologiasdelsur.org\/wp-content\/uploads\/2020\/10\/AFICHE-CAPITULO-BRASIL-1-BR-300x228.jpg?resize=525%2C300 1.5x"},"classes":[]},{"id":507,"url":"https:\/\/antropologiasdelsur.org\/?page_id=507","url_meta":{"origin":522,"position":2},"title":"Regi\u00f3n Caribe-Colombia","author":"Diego Camilo Figueroa","date":"12\/08\/2019","format":false,"excerpt":"II Congreso Internacional de Antropolog\u00edas del Sur Los caminos\/retos de las investigaciones del Sur: desaf\u00edos metodol\u00f3gicos, diversidad disciplinar y compromiso social Cap\u00edtulo Caribe-Colombia Bogot\u00e1, Colombia P\u00e1gina web del evento \u00a0 Fecha de realizaci\u00f3n: 13, 14 y 15 de agosto del 2022. Lugar: Colegio del Inmaculado Coraz\u00f3n de Mar\u00eda, Bogot\u00e1, Colombia.\u2026","rel":"","context":"Entrada similar","block_context":{"text":"Entrada similar","link":""},"img":{"alt_text":"","src":"https:\/\/i0.wp.com\/antropologiasdelsur.org\/wp-content\/uploads\/2022\/08\/Capi%CC%81tulo-Caribe-300x300.jpeg?resize=350%2C200","width":350,"height":200},"classes":[]},{"id":500,"url":"https:\/\/antropologiasdelsur.org\/?page_id=500","url_meta":{"origin":522,"position":3},"title":"Barinas","author":"Diego Camilo Figueroa","date":"12\/08\/2019","format":false,"excerpt":"2\u00b0 Congreso Internacional de Antropolog\u00edas del Sur 2022(Cap\u00edtulo Barinas-Venezuela)\u201cTerritorio, Sociedad y Cultura\u201d 08-10 de noviembre del 2022 \"El horizonte y yo vamos\/solos por la llana tierra:\/ me enlaz\u00f3 todos los rumbos\/su audacia de soga abierta\" Alberto Arvelo Torrealba \u00a0 \"\u00a1\u00a1Qui\u00e9n dice que el Sur no es llano\u2026!!\" Manuel D\u00edaz Rivas\u2026","rel":"","context":"Entrada similar","block_context":{"text":"Entrada similar","link":""},"img":{"alt_text":"","src":"https:\/\/i0.wp.com\/antropologiasdelsur.org\/wp-content\/uploads\/2022\/10\/AFICHE-NUEVO-Capi%CC%81tulo-Barinas-2-BR-300x226.jpg?resize=350%2C200","width":350,"height":200,"srcset":"https:\/\/i0.wp.com\/antropologiasdelsur.org\/wp-content\/uploads\/2022\/10\/AFICHE-NUEVO-Capi%CC%81tulo-Barinas-2-BR-300x226.jpg?resize=350%2C200 1x, https:\/\/i0.wp.com\/antropologiasdelsur.org\/wp-content\/uploads\/2022\/10\/AFICHE-NUEVO-Capi%CC%81tulo-Barinas-2-BR-300x226.jpg?resize=525%2C300 1.5x"},"classes":[]},{"id":519,"url":"https:\/\/antropologiasdelsur.org\/?page_id=519","url_meta":{"origin":522,"position":4},"title":"Inscripci\u00f3n","author":"Diego Camilo Figueroa","date":"12\/08\/2019","format":false,"excerpt":"En esta primera etapa, el 2\u00b0 Congreso Internacional de Antropolog\u00edas del Sur 2019 contar\u00e1 con la modalidad de participaci\u00f3n de SIMPOSIOS, TALLERES, MESAS DE TRABAJO Y CONVERSATORIOS: SIMPOSIOS: consisten en un conjunto de ponencias (individuales o colectivas) agrupadas en torno a un tema central. De acuerdo con los ejes tem\u00e1ticos\u2026","rel":"","context":"Entrada similar","block_context":{"text":"Entrada similar","link":""},"img":{"alt_text":"","src":"","width":0,"height":0},"classes":[]},{"id":75,"url":"https:\/\/antropologiasdelsur.org\/?page_id=75","url_meta":{"origin":522,"position":5},"title":"\u00bfQui\u00e9nes somos?","author":"petrizzo","date":"12\/09\/2015","format":false,"excerpt":"La\u00a0Red de Antropolog\u00edas del Sur\u00a0congrega a un grupo de investigadorxs de las ciencias sociales de Am\u00e9rica Latina, especialmente de la antropolog\u00eda, quienes decidieron congregarse en el a\u00f1o 2015 para organizar el\u00a0Primer Congreso Internacional de Antropolog\u00edas del Sur realizado un a\u00f1o luego, en octubre del 2016 en M\u00e9rida, Venezuela.Posteriormente, la Red\u2026","rel":"","context":"Entrada similar","block_context":{"text":"Entrada similar","link":""},"img":{"alt_text":"M.Sc. Annel Mej\u00edas Guiza (coordinadora general\/ULA, Venezuela","src":"https:\/\/i0.wp.com\/antropologiasdelsur.org\/wp-content\/uploads\/2026\/04\/Annel-Mejias-Guiza-sitio-web-300x254-1-150x150.jpg?resize=350%2C200&ssl=1","width":350,"height":200},"classes":[]}],"_links":{"self":[{"href":"https:\/\/antropologiasdelsur.org\/index.php?rest_route=\/wp\/v2\/pages\/522","targetHints":{"allow":["GET"]}}],"collection":[{"href":"https:\/\/antropologiasdelsur.org\/index.php?rest_route=\/wp\/v2\/pages"}],"about":[{"href":"https:\/\/antropologiasdelsur.org\/index.php?rest_route=\/wp\/v2\/types\/page"}],"author":[{"embeddable":true,"href":"https:\/\/antropologiasdelsur.org\/index.php?rest_route=\/wp\/v2\/users\/3"}],"replies":[{"embeddable":true,"href":"https:\/\/antropologiasdelsur.org\/index.php?rest_route=%2Fwp%2Fv2%2Fcomments&post=522"}],"version-history":[{"count":22,"href":"https:\/\/antropologiasdelsur.org\/index.php?rest_route=\/wp\/v2\/pages\/522\/revisions"}],"predecessor-version":[{"id":1668,"href":"https:\/\/antropologiasdelsur.org\/index.php?rest_route=\/wp\/v2\/pages\/522\/revisions\/1668"}],"wp:attachment":[{"href":"https:\/\/antropologiasdelsur.org\/index.php?rest_route=%2Fwp%2Fv2%2Fmedia&parent=522"}],"curies":[{"name":"wp","href":"https:\/\/api.w.org\/{rel}","templated":true}]}}