{"id":592,"date":"2019-09-11T12:44:47","date_gmt":"2019-09-11T17:14:47","guid":{"rendered":"http:\/\/antropologiasdelsur.org.ve\/?page_id=592"},"modified":"2026-04-04T12:40:24","modified_gmt":"2026-04-04T17:10:24","slug":"contactos-2","status":"publish","type":"page","link":"https:\/\/antropologiasdelsur.org\/?page_id=592","title":{"rendered":"Contactos"},"content":{"rendered":"\t\t<div data-elementor-type=\"wp-page\" data-elementor-id=\"592\" class=\"elementor elementor-592\">\n\t\t\t\t<div class=\"elementor-element elementor-element-33289b28 e-flex e-con-boxed e-con e-parent\" data-id=\"33289b28\" data-element_type=\"container\" data-e-type=\"container\">\n\t\t\t\t\t<div class=\"e-con-inner\">\n\t\t\t\t<div class=\"elementor-element elementor-element-d966aff elementor-widget elementor-widget-text-editor\" data-id=\"d966aff\" data-element_type=\"widget\" data-e-type=\"widget\" data-widget_type=\"text-editor.default\">\n\t\t\t\t\t\t\t\t\t<h4>Puede comunicarse con nosotros por \/ Voc\u00ea pode entrar em contato conosco por:<\/h4><h4><strong><span style=\"color: #1a591a;\">Correo electr\u00f3nico del congreso \/ Endere\u00e7o de e-mail do Congresso: <\/span><\/strong><a href=\"mailto:congreso@antropologiasdelsur.org\" target=\"_blank\" rel=\"noopener\">congreso@antropologiasdelsur.org<\/a><\/h4><h4><strong><span style=\"color: #1a591a;\">Correo electr\u00f3nico RedAS \/ E-mail RedAS:<\/span><\/strong>\u00a0<a href=\"mailto:redantropologiasdelsur.vzla@gmail.com\">redantropologiasdelsur.vzla@gmail.com<\/a><\/h4><h4><span style=\"color: #1a591a;\"><strong>Instagram:\u00a0<\/strong><span style=\"color: #000000;\"><a href=\"https:\/\/www.instagram.com\/mentesdelsur\/\" target=\"_blank\" rel=\"noopener\">MentesDelSur<\/a><\/span><\/span><\/h4><h4><span style=\"color: #1a591a;\"><strong>Facebook:<\/strong><\/span>\u00a0<a href=\"https:\/\/www.facebook.com\/AntropologiasDelSur\" target=\"_blank\" rel=\"noopener\">Red de Antropolog\u00edas del Sur<\/a><\/h4><h4><span style=\"color: #1a591a;\"><strong>Twitter:<\/strong><\/span>\u00a0<a href=\"https:\/\/x.com\/AntropoDelSur\" target=\"_blank\" rel=\"noopener\">@AntropoDelSur<\/a><\/h4><h4><span style=\"color: #1a591a;\"><strong>P\u00e1gina web de la RedAS \/ Site da RedAS:<\/strong><\/span><a href=\"https:\/\/red.antropologiasdelsur.org\"> http:\/\/red.antropologiasdelsur.org\/<\/a><\/h4><h4><span style=\"color: #1a591a;\"><strong>Tel\u00e9fono de contacto \/ N\u00famero de telefone para contato:<\/strong><\/span>\u00a0+58-412-125.77.94<\/h4><h4>\u00a0<\/h4>\t\t\t\t\t\t\t\t<\/div>\n\t\t\t\t\t<\/div>\n\t\t\t\t<\/div>\n\t\t\t\t<\/div>\n\t\t","protected":false},"excerpt":{"rendered":"<p>Puede comunicarse con nosotros por \/ Voc\u00ea pode entrar em contato conosco por: Correo electr\u00f3nico del congreso \/ Endere\u00e7o de e-mail do Congresso: congreso@antropologiasdelsur.org Correo electr\u00f3nico RedAS \/ E-mail RedAS:\u00a0redantropologiasdelsur.vzla@gmail.com Instagram:\u00a0MentesDelSur Facebook:\u00a0Red de Antropolog\u00edas del Sur Twitter:\u00a0@AntropoDelSur P\u00e1gina web de la RedAS \/ Site da RedAS: http:\/\/red.antropologiasdelsur.org\/ Tel\u00e9fono de contacto \/ N\u00famero de telefone para<\/p>\n<p><a href=\"https:\/\/antropologiasdelsur.org\/?page_id=592\" class=\"more-link themebutton\">Leer m\u00e1s<\/a><\/p>\n","protected":false},"author":3,"featured_media":0,"parent":0,"menu_order":10,"comment_status":"closed","ping_status":"closed","template":"","meta":{"footnotes":""},"class_list":["post-592","page","type-page","status-publish","hentry"],"jetpack_sharing_enabled":true,"jetpack_shortlink":"https:\/\/wp.me\/P7en3k-9y","jetpack-related-posts":[{"id":75,"url":"https:\/\/antropologiasdelsur.org\/?page_id=75","url_meta":{"origin":592,"position":0},"title":"\u00bfQui\u00e9nes somos?","author":"petrizzo","date":"12\/09\/2015","format":false,"excerpt":"La\u00a0Red de Antropolog\u00edas del Sur\u00a0congrega a un grupo de investigadorxs de las ciencias sociales de Am\u00e9rica Latina, especialmente de la antropolog\u00eda, quienes decidieron congregarse en el a\u00f1o 2015 para organizar el\u00a0Primer Congreso Internacional de Antropolog\u00edas del Sur realizado un a\u00f1o luego, en octubre del 2016 en M\u00e9rida, Venezuela.Posteriormente, la Red\u2026","rel":"","context":"Entrada similar","block_context":{"text":"Entrada similar","link":""},"img":{"alt_text":"M.Sc. Annel Mej\u00edas Guiza (coordinadora general\/ULA, Venezuela","src":"https:\/\/i0.wp.com\/antropologiasdelsur.org\/wp-content\/uploads\/2026\/04\/Annel-Mejias-Guiza-sitio-web-300x254-1-150x150.jpg?resize=350%2C200&ssl=1","width":350,"height":200},"classes":[]},{"id":485,"url":"https:\/\/antropologiasdelsur.org\/","url_meta":{"origin":592,"position":1},"title":"Inicio","author":"Diego Camilo Figueroa","date":"12\/08\/2019","format":false,"excerpt":"La Triple Frontera es un trifinio situado en el cruce de fronteras entre Argentina (Puerto de Iguaz\u00fa, provincia de Misiones), Brasil (Foz de Igua\u00e7u, estado de Paran\u00e1) y Paraguay (Presidente Franco y Ciudad del Este, departamento de Alto Paran\u00e1), cerca de las cataratas de Igua\u00e7u. \/ A Tr\u00edplice Fronteira \u00e9\u2026","rel":"","context":"Entrada similar","block_context":{"text":"Entrada similar","link":""},"img":{"alt_text":"La Triple Frontera es un trifinio situado en el cruce de fronteras entre Argentina (Puerto de Iguaz\u00fa, provincia de Misiones), Brasil (Foz de Igua\u00e7u, estado de Paran\u00e1) y Paraguay (Presidente Franco y Ciudad del Este, departamento de Alto Paran\u00e1), cerca de las cataratas de Igua\u00e7u. \/ A Tr\u00edplice Fronteira \u00e9 um ponto tr\u00edplice localizado na fronteira entre a Argentina (Puerto Iguaz\u00fa, prov\u00edncia de Misiones), o Brasil (Foz do Igua\u00e7u, estado do Paran\u00e1) e o Paraguai (Presidente Franco e Ciudad del Este, departamento do Alto Paran\u00e1), pr\u00f3ximo \u00e0s Cataratas do Igua\u00e7u. Foto: https:\/\/www.civitatis.com\/es","src":"https:\/\/i0.wp.com\/antropologiasdelsur.org\/wp-content\/uploads\/2026\/01\/1-UNILA-1024x684.jpeg?resize=350%2C200&ssl=1","width":350,"height":200,"srcset":"https:\/\/i0.wp.com\/antropologiasdelsur.org\/wp-content\/uploads\/2026\/01\/1-UNILA-1024x684.jpeg?resize=350%2C200&ssl=1 1x, https:\/\/i0.wp.com\/antropologiasdelsur.org\/wp-content\/uploads\/2026\/01\/1-UNILA-1024x684.jpeg?resize=525%2C300&ssl=1 1.5x, https:\/\/i0.wp.com\/antropologiasdelsur.org\/wp-content\/uploads\/2026\/01\/1-UNILA-1024x684.jpeg?resize=700%2C400&ssl=1 2x"},"classes":[]},{"id":1586,"url":"https:\/\/antropologiasdelsur.org\/?page_id=1586","url_meta":{"origin":592,"position":2},"title":"Tercer Congreso Internacional de Antropolog\u00edas del Sur","author":"petrizzo","date":"26\/12\/2025","format":false,"excerpt":"3ER CONGRESO INTERNACIONAL DE ANTROPOLOG\u00cdA DEL SUR 2026.\u00a0\u201cLAS ANTROPOLOG\u00cdAS DEL SUR FRENTE A UN MUNDO EN CONFLICTO: RETOS EPISTEMOL\u00d3GICOS, \u00c9TICOS Y POL\u00cdTICOS\u201d.\u00a0FOZ DE IGUA\u00c7\u00da, BRASIL Fecha:\u00a04, 5 y 6 de noviembre de 2026Sitio web del evento:\u00a0https:\/\/antropologiasdelsur.orgCorreo electr\u00f3nico del evento:\u00a0congreso@antropologiasdelsur.orgPRESENTACI\u00d3NAm\u00e9rica Latina y el Caribe, al igual que la mayor\u00eda de las\u2026","rel":"","context":"Entrada similar","block_context":{"text":"Entrada similar","link":""},"img":{"alt_text":"","src":"https:\/\/i0.wp.com\/antropologiasdelsur.org\/wp-content\/uploads\/2025\/12\/banner-congreso2026-PNG.png?fit=1200%2C150&ssl=1&resize=350%2C200","width":350,"height":200,"srcset":"https:\/\/i0.wp.com\/antropologiasdelsur.org\/wp-content\/uploads\/2025\/12\/banner-congreso2026-PNG.png?fit=1200%2C150&ssl=1&resize=350%2C200 1x, https:\/\/i0.wp.com\/antropologiasdelsur.org\/wp-content\/uploads\/2025\/12\/banner-congreso2026-PNG.png?fit=1200%2C150&ssl=1&resize=525%2C300 1.5x, https:\/\/i0.wp.com\/antropologiasdelsur.org\/wp-content\/uploads\/2025\/12\/banner-congreso2026-PNG.png?fit=1200%2C150&ssl=1&resize=700%2C400 2x, https:\/\/i0.wp.com\/antropologiasdelsur.org\/wp-content\/uploads\/2025\/12\/banner-congreso2026-PNG.png?fit=1200%2C150&ssl=1&resize=1050%2C600 3x"},"classes":[]},{"id":1893,"url":"https:\/\/antropologiasdelsur.org\/?page_id=1893","url_meta":{"origin":592,"position":3},"title":"Tercer Congresso em Portugu\u00eas","author":"Annel Mej\u00edas","date":"19\/01\/2026","format":false,"excerpt":"3\u00ba CONGRESSO INTERNACIONAL DE ANTROPOLOGIA DO SUL 2026. \u201cANTROPOLOGIAS DO SUL ENFRENTANDO UM MUNDO EM CONFLITO: DESAFIOS EPISTEMOL\u00d3GICOS, \u00c9TICOS E POL\u00cdTICOS\u201d. FOZ DO IGUA\u00c7U , BRASIL\u00a0Data: 4, 5 e 6 de novembro de 2026Site do evento: https:\/\/antropologiasdelsur.orgE-mail do evento: congreso@antropologiasdelsur.org\u00a0APRESENTA\u00c7\u00c3OA Am\u00e9rica Latina e o Caribe, assim como a maioria das\u2026","rel":"","context":"Entrada similar","block_context":{"text":"Entrada similar","link":""},"img":{"alt_text":"","src":"https:\/\/i0.wp.com\/antropologiasdelsur.org\/wp-content\/uploads\/2026\/04\/1er-Congreso-2-225x300.jpeg?resize=350%2C200&ssl=1","width":350,"height":200},"classes":[]},{"id":1604,"url":"https:\/\/antropologiasdelsur.org\/?page_id=1604","url_meta":{"origin":592,"position":4},"title":"Segundo Congreso","author":"petrizzo","date":"26\/12\/2025","format":false,"excerpt":"","rel":"","context":"Entrada similar","block_context":{"text":"Entrada similar","link":""},"img":{"alt_text":"","src":"","width":0,"height":0},"classes":[]},{"id":519,"url":"https:\/\/antropologiasdelsur.org\/?page_id=519","url_meta":{"origin":592,"position":5},"title":"Inscripci\u00f3n","author":"Diego Camilo Figueroa","date":"12\/08\/2019","format":false,"excerpt":"En esta primera etapa, el 2\u00b0 Congreso Internacional de Antropolog\u00edas del Sur 2019 contar\u00e1 con la modalidad de participaci\u00f3n de SIMPOSIOS, TALLERES, MESAS DE TRABAJO Y CONVERSATORIOS: SIMPOSIOS: consisten en un conjunto de ponencias (individuales o colectivas) agrupadas en torno a un tema central. De acuerdo con los ejes tem\u00e1ticos\u2026","rel":"","context":"Entrada similar","block_context":{"text":"Entrada similar","link":""},"img":{"alt_text":"","src":"","width":0,"height":0},"classes":[]}],"_links":{"self":[{"href":"https:\/\/antropologiasdelsur.org\/index.php?rest_route=\/wp\/v2\/pages\/592","targetHints":{"allow":["GET"]}}],"collection":[{"href":"https:\/\/antropologiasdelsur.org\/index.php?rest_route=\/wp\/v2\/pages"}],"about":[{"href":"https:\/\/antropologiasdelsur.org\/index.php?rest_route=\/wp\/v2\/types\/page"}],"author":[{"embeddable":true,"href":"https:\/\/antropologiasdelsur.org\/index.php?rest_route=\/wp\/v2\/users\/3"}],"replies":[{"embeddable":true,"href":"https:\/\/antropologiasdelsur.org\/index.php?rest_route=%2Fwp%2Fv2%2Fcomments&post=592"}],"version-history":[{"count":37,"href":"https:\/\/antropologiasdelsur.org\/index.php?rest_route=\/wp\/v2\/pages\/592\/revisions"}],"predecessor-version":[{"id":2242,"href":"https:\/\/antropologiasdelsur.org\/index.php?rest_route=\/wp\/v2\/pages\/592\/revisions\/2242"}],"wp:attachment":[{"href":"https:\/\/antropologiasdelsur.org\/index.php?rest_route=%2Fwp%2Fv2%2Fmedia&parent=592"}],"curies":[{"name":"wp","href":"https:\/\/api.w.org\/{rel}","templated":true}]}}