{"id":78,"date":"2015-09-12T22:20:04","date_gmt":"2015-09-13T02:50:04","guid":{"rendered":"http:\/\/antropologiasdelsur.org.ve\/?page_id=78"},"modified":"2026-04-04T20:22:32","modified_gmt":"2026-04-05T00:52:32","slug":"publicaciones","status":"publish","type":"page","link":"https:\/\/antropologiasdelsur.org\/?page_id=78","title":{"rendered":"Circulares"},"content":{"rendered":"\t\t<div data-elementor-type=\"wp-page\" data-elementor-id=\"78\" class=\"elementor elementor-78\">\n\t\t\t\t<div class=\"elementor-element elementor-element-2ba80d1b e-flex e-con-boxed e-con e-parent\" data-id=\"2ba80d1b\" data-element_type=\"container\" data-e-type=\"container\">\n\t\t\t\t\t<div class=\"e-con-inner\">\n\t\t\t\t<div class=\"elementor-element elementor-element-12bd92df elementor-widget elementor-widget-text-editor\" data-id=\"12bd92df\" data-element_type=\"widget\" data-e-type=\"widget\" data-widget_type=\"text-editor.default\">\n\t\t\t\t\t\t\t\t\t<h2 style=\"font-weight: 400;\"><span style=\"color: #008000;\"><strong>1ERA CIRCULAR<\/strong><\/span><\/h2><h4 style=\"font-weight: 400;\">Compartimos la 1era Circular del <strong>3er Congreso Internacional de Antropolog\u00edas del Sur 2026<\/strong>, donde se explican los ejes tem\u00e1ticos, las modalidades de participaci\u00f3n y el cronograma. \/\u00a0Compartilhamos a 1\u00aa Circular do 3\u00ba Congresso Internacional de Antropologias do Sul de 2026, que explica os eixos tem\u00e1ticos, as modalidades de participa\u00e7\u00e3o e a programa\u00e7\u00e3o.<\/h4><p><!-- \/wp:image --><\/p>\t\t\t\t\t\t\t\t<\/div>\n\t\t\t\t\t<\/div>\n\t\t\t\t<\/div>\n\t\t<div class=\"elementor-element elementor-element-a32acb4 e-flex e-con-boxed e-con e-parent\" data-id=\"a32acb4\" data-element_type=\"container\" data-e-type=\"container\">\n\t\t\t\t\t<div class=\"e-con-inner\">\n\t\t\t\t<div class=\"elementor-element elementor-element-ff32822 elementor-widget elementor-widget-heading\" data-id=\"ff32822\" data-element_type=\"widget\" data-e-type=\"widget\" data-widget_type=\"heading.default\">\n\t\t\t\t\t<h2 class=\"elementor-heading-title elementor-size-default\">1era Circular en Espa\u00f1ol<\/h2>\t\t\t\t<\/div>\n\t\t\t\t\t<\/div>\n\t\t\t\t<\/div>\n\t\t<div class=\"elementor-element elementor-element-26d2c9a e-flex e-con-boxed e-con e-parent\" data-id=\"26d2c9a\" data-element_type=\"container\" data-e-type=\"container\">\n\t\t\t\t\t<div class=\"e-con-inner\">\n\t\t\t\t<div class=\"elementor-element elementor-element-5bcde40 elementor-widget__width-initial elementor-widget elementor-widget-custif_iframe_widget\" data-id=\"5bcde40\" data-element_type=\"widget\" data-e-type=\"widget\" data-widget_type=\"custif_iframe_widget.default\">\n\t\t\t\t<div class=\"elementor-widget-container\">\n\t\t\t\t\t<div class=\"custif-iframe-wrapper\" id=\"custif-iframe-5bcde40\">\t\t\t<iframe\n\t\t\t\t\tsrc=\"https:\/\/antropologiasdelsur.org\/wp-content\/plugins\/custom-iframe\/assets\/pdfjs\/web\/viewer.html?file=https%3A%2F%2Fantropologiasdelsur.org%2Fwp-content%2Fuploads%2F2026%2F01%2F1era-Circular-3er-Congreso-Internacional-de-Antropologias-del-Sur.pdf&#038;key=dGhlbWVNb2RlPWRlZmF1bHQmdG9vbGJhcj10cnVlJnBvc2l0aW9uPXRvcCZwcmVzZW50YXRpb249dHJ1ZSZsYXp5TG9hZD1mYWxzZSZkb3dubG9hZD10cnVlJmNvcHlfdGV4dD10cnVlJmFkZF90ZXh0PXRydWUmZHJhdz10cnVlJnBkZl9yb3RhdGlvbj10cnVlJnBkZl9pbWFnZT10cnVlJnBkZl9kZXRhaWxzPXRydWUmc2VsZWN0aW9uX3Rvb2w9MCZzY3JvbGxpbmc9MCZzcHJlYWRzPTAmcGRmX3pvb209YXV0bw%3D%3D\"\n\t\t\t\t\twidth=\"100%\"\n\t\t\t\t\theight=\"830px\"\n\t\t\t\t\t\t\t\t\tloading=\"\"\n\t\t\t><\/iframe>\n\t\t\t<\/div>\t\t\t\t<\/div>\n\t\t\t\t<\/div>\n\t\t\t\t\t<\/div>\n\t\t\t\t<\/div>\n\t\t<div class=\"elementor-element elementor-element-5732861 e-flex e-con-boxed e-con e-parent\" data-id=\"5732861\" data-element_type=\"container\" data-e-type=\"container\">\n\t\t\t\t\t<div class=\"e-con-inner\">\n\t\t\t\t<div class=\"elementor-element elementor-element-51ad0bf elementor-widget elementor-widget-heading\" data-id=\"51ad0bf\" data-element_type=\"widget\" data-e-type=\"widget\" data-widget_type=\"heading.default\">\n\t\t\t\t\t<h2 class=\"elementor-heading-title elementor-size-default\">1\u00aa Circular em Portugu\u00eas<\/h2>\t\t\t\t<\/div>\n\t\t\t\t\t<\/div>\n\t\t\t\t<\/div>\n\t\t<div class=\"elementor-element elementor-element-cf4f1ef e-flex e-con-boxed e-con e-parent\" data-id=\"cf4f1ef\" data-element_type=\"container\" data-e-type=\"container\">\n\t\t\t\t\t<div class=\"e-con-inner\">\n\t\t\t\t<div class=\"elementor-element elementor-element-2c50122 elementor-widget elementor-widget-text-editor\" data-id=\"2c50122\" data-element_type=\"widget\" data-e-type=\"widget\" data-widget_type=\"text-editor.default\">\n\t\t\t\t\t\t\t\t\t<h2 style=\"font-weight: 400;\"><span style=\"color: #008000;\"><strong>2DA CIRCULAR<\/strong><\/span><\/h2><h4 style=\"font-weight: 400;\">Compartimos la 2da Circular del\u00a0<strong>3er Congreso Internacional de Antropolog\u00edas del Sur 2026<\/strong>, donde se explican los lineamientos para postular trabajos de Antropolog\u00eda Visual (Videos y Trabajos Fotogr\u00e1ficos)<\/h4><h4 style=\"font-weight: 400;\">Estamos compartilhando a 2\u00aa Circular do 3\u00ba Congresso Internacional de Antropologias do Sul de 2026, que explica as diretrizes para submiss\u00e3o de trabalhos de Antropologia Visual (V\u00eddeos e Trabalhos Fotogr\u00e1ficos).<\/h4><p><!-- \/wp:image --><\/p>\t\t\t\t\t\t\t\t<\/div>\n\t\t\t\t\t<\/div>\n\t\t\t\t<\/div>\n\t\t<div class=\"elementor-element elementor-element-a8b228b e-flex e-con-boxed e-con e-parent\" data-id=\"a8b228b\" data-element_type=\"container\" data-e-type=\"container\">\n\t\t\t\t\t<div class=\"e-con-inner\">\n\t\t\t\t<div class=\"elementor-element elementor-element-5ad572e elementor-widget elementor-widget-heading\" data-id=\"5ad572e\" data-element_type=\"widget\" data-e-type=\"widget\" data-widget_type=\"heading.default\">\n\t\t\t\t\t<h2 class=\"elementor-heading-title elementor-size-default\">2da Circular en Espa\u00f1ol<\/h2>\t\t\t\t<\/div>\n\t\t\t\t\t<\/div>\n\t\t\t\t<\/div>\n\t\t<div class=\"elementor-element elementor-element-2714540 e-flex e-con-boxed e-con e-parent\" data-id=\"2714540\" data-element_type=\"container\" data-e-type=\"container\">\n\t\t\t\t\t<div class=\"e-con-inner\">\n\t\t\t\t<div class=\"elementor-element elementor-element-3930608 elementor-widget__width-initial elementor-widget elementor-widget-custif_iframe_widget\" data-id=\"3930608\" data-element_type=\"widget\" data-e-type=\"widget\" data-widget_type=\"custif_iframe_widget.default\">\n\t\t\t\t<div class=\"elementor-widget-container\">\n\t\t\t\t\t<div class=\"custif-iframe-wrapper\" id=\"custif-iframe-3930608\">\t\t\t<iframe\n\t\t\t\t\tsrc=\"https:\/\/antropologiasdelsur.org\/wp-content\/plugins\/custom-iframe\/assets\/pdfjs\/web\/viewer.html?file=https%3A%2F%2Fantropologiasdelsur.org%2Fwp-content%2Fuploads%2F2026%2F04%2F2da-Circular-3er-Congreso-Internacional-de-Antropologias-del-Sur.pdf&#038;key=dGhlbWVNb2RlPWRlZmF1bHQmdG9vbGJhcj10cnVlJnBvc2l0aW9uPXRvcCZwcmVzZW50YXRpb249dHJ1ZSZsYXp5TG9hZD1mYWxzZSZkb3dubG9hZD10cnVlJmNvcHlfdGV4dD10cnVlJmFkZF90ZXh0PXRydWUmZHJhdz10cnVlJnBkZl9yb3RhdGlvbj10cnVlJnBkZl9pbWFnZT10cnVlJnBkZl9kZXRhaWxzPXRydWUmc2VsZWN0aW9uX3Rvb2w9MCZzY3JvbGxpbmc9MCZzcHJlYWRzPTAmcGRmX3pvb209YXV0bw%3D%3D\"\n\t\t\t\t\twidth=\"100%\"\n\t\t\t\t\theight=\"830px\"\n\t\t\t\t\t\t\t\t\tloading=\"\"\n\t\t\t><\/iframe>\n\t\t\t<\/div>\t\t\t\t<\/div>\n\t\t\t\t<\/div>\n\t\t\t\t\t<\/div>\n\t\t\t\t<\/div>\n\t\t<div class=\"elementor-element elementor-element-13dc3aa e-flex e-con-boxed e-con e-parent\" data-id=\"13dc3aa\" data-element_type=\"container\" data-e-type=\"container\">\n\t\t\t\t\t<div class=\"e-con-inner\">\n\t\t\t\t<div class=\"elementor-element elementor-element-7f0db1f elementor-widget elementor-widget-heading\" data-id=\"7f0db1f\" data-element_type=\"widget\" data-e-type=\"widget\" data-widget_type=\"heading.default\">\n\t\t\t\t\t<h2 class=\"elementor-heading-title elementor-size-default\">2da Circular em Portugu\u00eas<\/h2>\t\t\t\t<\/div>\n\t\t<div class=\"elementor-element elementor-element-336281f e-con-full e-flex e-con e-child\" data-id=\"336281f\" data-element_type=\"container\" data-e-type=\"container\">\n\t\t\t\t<div class=\"elementor-element elementor-element-4a54d1e elementor-widget__width-initial elementor-widget elementor-widget-custif_iframe_widget\" data-id=\"4a54d1e\" data-element_type=\"widget\" data-e-type=\"widget\" data-widget_type=\"custif_iframe_widget.default\">\n\t\t\t\t<div class=\"elementor-widget-container\">\n\t\t\t\t\t<div class=\"custif-iframe-wrapper\" id=\"custif-iframe-4a54d1e\">\t\t\t<iframe\n\t\t\t\t\tsrc=\"https:\/\/antropologiasdelsur.org\/wp-content\/plugins\/custom-iframe\/assets\/pdfjs\/web\/viewer.html?file=https%3A%2F%2Fantropologiasdelsur.org%2Fwp-content%2Fuploads%2F2026%2F04%2F2da-Circular-3er-Congresso-Internacional-da-Antropologias-do-Sul.pdf&#038;key=dGhlbWVNb2RlPWRlZmF1bHQmdG9vbGJhcj10cnVlJnBvc2l0aW9uPXRvcCZwcmVzZW50YXRpb249dHJ1ZSZsYXp5TG9hZD1mYWxzZSZkb3dubG9hZD10cnVlJmNvcHlfdGV4dD10cnVlJmFkZF90ZXh0PXRydWUmZHJhdz10cnVlJnBkZl9yb3RhdGlvbj10cnVlJnBkZl9pbWFnZT10cnVlJnBkZl9kZXRhaWxzPXRydWUmc2VsZWN0aW9uX3Rvb2w9MCZzY3JvbGxpbmc9MCZzcHJlYWRzPTAmcGRmX3pvb209YXV0bw%3D%3D\"\n\t\t\t\t\twidth=\"100%\"\n\t\t\t\t\theight=\"830px\"\n\t\t\t\t\t\t\t\t\tloading=\"\"\n\t\t\t><\/iframe>\n\t\t\t<\/div>\t\t\t\t<\/div>\n\t\t\t\t<\/div>\n\t\t\t\t<\/div>\n\t\t\t\t\t<\/div>\n\t\t\t\t<\/div>\n\t\t<div class=\"elementor-element elementor-element-45d80fa e-flex e-con-boxed e-con e-parent\" data-id=\"45d80fa\" data-element_type=\"container\" data-e-type=\"container\">\n\t\t\t\t\t<div class=\"e-con-inner\">\n\t\t\t\t<div class=\"elementor-element elementor-element-4559418 elementor-widget__width-inherit elementor-widget elementor-widget-text-editor\" data-id=\"4559418\" data-element_type=\"widget\" data-e-type=\"widget\" data-widget_type=\"text-editor.default\">\n\t\t\t\t\t\t\t\t\t<h2 style=\"font-style: normal; transition-property: all;\"><strong style=\"font-size: 24px;\"><span style=\"font-size: 24px; color: #008000;\">COSTOS DE PARTICIPACI\u00d3N \/ CUSTOS DE PARTICIPA\u00c7\u00c3O:*<\/span><\/strong><\/h2><h4 style=\"font-style: normal; transition-property: all;\"><strong style=\"font-size: 16px;\">Estudiantes de grado ponentes \/ Alunos de gradua\u00e7\u00e3o apresentando:<\/strong> 10 US$<\/h4><h4 style=\"font-style: normal; transition-property: all;\"><strong style=\"font-size: 16px;\">Estudiantes de posgrado ponentes \/ Apresentadores estudantes de p\u00f3s-gradua\u00e7\u00e3o:<\/strong> 25 US$<\/h4><h4 style=\"font-style: normal; transition-property: all;\"><strong style=\"font-size: 16px;\">Profesionales ponentes \/ Palestrantes profissionais:<\/strong> 35 US$<\/h4><h4 style=\"font-style: normal; transition-property: all;\">* Se exonera la inscripci\u00f3n de las personas coordinadoras de Grupos de Trabajo. \/ A inscri\u00e7\u00e3o dos coordenadores dos Grupos de Trabalho est\u00e1 dispensada.<\/h4>\t\t\t\t\t\t\t\t<\/div>\n\t\t\t\t\t<\/div>\n\t\t\t\t<\/div>\n\t\t\t\t<\/div>\n\t\t","protected":false},"excerpt":{"rendered":"<p>1ERA CIRCULAR Compartimos la 1era Circular del 3er Congreso Internacional de Antropolog\u00edas del Sur 2026, donde se explican los ejes tem\u00e1ticos, las modalidades de participaci\u00f3n y el cronograma. \/\u00a0Compartilhamos a 1\u00aa Circular do 3\u00ba Congresso Internacional de Antropologias do Sul de 2026, que explica os eixos tem\u00e1ticos, as modalidades de participa\u00e7\u00e3o e a programa\u00e7\u00e3o. 1era<\/p>\n<p><a href=\"https:\/\/antropologiasdelsur.org\/?page_id=78\" class=\"more-link themebutton\">Leer m\u00e1s<\/a><\/p>\n","protected":false},"author":1,"featured_media":0,"parent":0,"menu_order":4,"comment_status":"closed","ping_status":"closed","template":"","meta":{"footnotes":""},"class_list":["post-78","page","type-page","status-publish","hentry"],"jetpack_sharing_enabled":true,"jetpack_shortlink":"https:\/\/wp.me\/P7en3k-1g","jetpack-related-posts":[{"id":1863,"url":"https:\/\/antropologiasdelsur.org\/?page_id=1863","url_meta":{"origin":78,"position":0},"title":"Inscripci\u00f3n 3er Congreso Internacional de Antropolog\u00edas del Sur","author":"petrizzo","date":"18\/01\/2026","format":false,"excerpt":"FORMULARIO DE INSCRIPCI\u00d3N DE GT\u2019S 3ER CONGRESO INTERNACIONAL DE ANTROPOLOG\u00cdAS DEL SUR 2026 \/ FORMUL\u00c1RIO DE INSCRI\u00c7\u00c3O DA GT PARA O 3\u00ba CONGRESSO INTERNACIONAL DE ANTROPOLOGIAS DO SUL 2026 A trav\u00e9s de este formulario puede inscribir su propuesta de Grupo de Trabajo (GT) para el 3er Congreso Internacional de Antropolog\u00edas\u2026","rel":"","context":"Entrada similar","block_context":{"text":"Entrada similar","link":""},"img":{"alt_text":"","src":"","width":0,"height":0},"classes":[]},{"id":500,"url":"https:\/\/antropologiasdelsur.org\/?page_id=500","url_meta":{"origin":78,"position":1},"title":"Barinas","author":"Diego Camilo Figueroa","date":"12\/08\/2019","format":false,"excerpt":"2\u00b0 Congreso Internacional de Antropolog\u00edas del Sur 2022(Cap\u00edtulo Barinas-Venezuela)\u201cTerritorio, Sociedad y Cultura\u201d 08-10 de noviembre del 2022 \"El horizonte y yo vamos\/solos por la llana tierra:\/ me enlaz\u00f3 todos los rumbos\/su audacia de soga abierta\" Alberto Arvelo Torrealba \u00a0 \"\u00a1\u00a1Qui\u00e9n dice que el Sur no es llano\u2026!!\" Manuel D\u00edaz Rivas\u2026","rel":"","context":"Entrada similar","block_context":{"text":"Entrada similar","link":""},"img":{"alt_text":"","src":"https:\/\/i0.wp.com\/antropologiasdelsur.org\/wp-content\/uploads\/2022\/10\/AFICHE-NUEVO-Capi%CC%81tulo-Barinas-2-BR-300x226.jpg?resize=350%2C200","width":350,"height":200,"srcset":"https:\/\/i0.wp.com\/antropologiasdelsur.org\/wp-content\/uploads\/2022\/10\/AFICHE-NUEVO-Capi%CC%81tulo-Barinas-2-BR-300x226.jpg?resize=350%2C200 1x, https:\/\/i0.wp.com\/antropologiasdelsur.org\/wp-content\/uploads\/2022\/10\/AFICHE-NUEVO-Capi%CC%81tulo-Barinas-2-BR-300x226.jpg?resize=525%2C300 1.5x"},"classes":[]},{"id":485,"url":"https:\/\/antropologiasdelsur.org\/","url_meta":{"origin":78,"position":2},"title":"Inicio","author":"Diego Camilo Figueroa","date":"12\/08\/2019","format":false,"excerpt":"La Triple Frontera es un trifinio situado en el cruce de fronteras entre Argentina (Puerto de Iguaz\u00fa, provincia de Misiones), Brasil (Foz de Igua\u00e7u, estado de Paran\u00e1) y Paraguay (Presidente Franco y Ciudad del Este, departamento de Alto Paran\u00e1), cerca de las cataratas de Igua\u00e7u. \/ A Tr\u00edplice Fronteira \u00e9\u2026","rel":"","context":"Entrada similar","block_context":{"text":"Entrada similar","link":""},"img":{"alt_text":"La Triple Frontera es un trifinio situado en el cruce de fronteras entre Argentina (Puerto de Iguaz\u00fa, provincia de Misiones), Brasil (Foz de Igua\u00e7u, estado de Paran\u00e1) y Paraguay (Presidente Franco y Ciudad del Este, departamento de Alto Paran\u00e1), cerca de las cataratas de Igua\u00e7u. \/ A Tr\u00edplice Fronteira \u00e9 um ponto tr\u00edplice localizado na fronteira entre a Argentina (Puerto Iguaz\u00fa, prov\u00edncia de Misiones), o Brasil (Foz do Igua\u00e7u, estado do Paran\u00e1) e o Paraguai (Presidente Franco e Ciudad del Este, departamento do Alto Paran\u00e1), pr\u00f3ximo \u00e0s Cataratas do Igua\u00e7u. Foto: https:\/\/www.civitatis.com\/es","src":"https:\/\/i0.wp.com\/antropologiasdelsur.org\/wp-content\/uploads\/2026\/01\/1-UNILA-1024x684.jpeg?resize=350%2C200&ssl=1","width":350,"height":200,"srcset":"https:\/\/i0.wp.com\/antropologiasdelsur.org\/wp-content\/uploads\/2026\/01\/1-UNILA-1024x684.jpeg?resize=350%2C200&ssl=1 1x, https:\/\/i0.wp.com\/antropologiasdelsur.org\/wp-content\/uploads\/2026\/01\/1-UNILA-1024x684.jpeg?resize=525%2C300&ssl=1 1.5x, https:\/\/i0.wp.com\/antropologiasdelsur.org\/wp-content\/uploads\/2026\/01\/1-UNILA-1024x684.jpeg?resize=700%2C400&ssl=1 2x"},"classes":[]},{"id":476,"url":"https:\/\/antropologiasdelsur.org\/?page_id=476","url_meta":{"origin":78,"position":3},"title":"Cap\u00edtulos","author":"Diego Camilo Figueroa","date":"12\/08\/2019","format":false,"excerpt":"BrasilOrganizado por el Projeto Nova Cartografia Social, da Universidade Federal do Rec\u00f4ncavo da Bahia (UFRB).Fecha:\u00a0julio del 2020.Modalidad: virtual.Primera Circular\u00a0ColombiaRegi\u00f3n Caribe:Organizado por el Centro de Investigaciones Jorge Eli\u00e9cer Gait\u00e1n, de la Escuela de Derecho y Ciencias Sociales de la Corporaci\u00f3n Universitaria del Meta; la Fundaci\u00f3n Universitaria Intercultural Manuel Zapata Olivella (FUIMZO),\u2026","rel":"","context":"Entrada similar","block_context":{"text":"Entrada similar","link":""},"img":{"alt_text":"","src":"","width":0,"height":0},"classes":[]},{"id":1712,"url":"https:\/\/antropologiasdelsur.org\/?page_id=1712","url_meta":{"origin":78,"position":4},"title":"Modalidades de participaci\u00f3n","author":"Annel Mej\u00edas","date":"10\/01\/2026","format":false,"excerpt":"EN ESPA\u00d1OL:Se abrir\u00e1n tres modalidades p\u00fablicas de participaci\u00f3n\u00a0y una modalidad interna\u00a0en el 3er Congreso Internacional de Antropolog\u00edas del Sur, esta \u00faltima propuesta por el Comit\u00e9 Organizador y Comit\u00e9 Acad\u00e9mico del congreso:Grupos de Trabajo (GT): la intenci\u00f3n es que se presenten grupos que est\u00e9n desarrollando una tem\u00e1tica en colectivo para que,\u2026","rel":"","context":"Entrada similar","block_context":{"text":"Entrada similar","link":""},"img":{"alt_text":"","src":"","width":0,"height":0},"classes":[]},{"id":1076,"url":"https:\/\/antropologiasdelsur.org\/?page_id=1076","url_meta":{"origin":78,"position":5},"title":"Yaracuy","author":"Annel Mej\u00edas","date":"09\/03\/2020","format":false,"excerpt":"2\u00b0 Congreso Internacional de Antropolog\u00edas del Sur 2020 Cap\u00edtulo Yaracuy-Venezuela \u201cDesaf\u00edos te\u00f3rico-pr\u00e1cticos de las Antropolog\u00edas del Sur en Am\u00e9rica Latina y el Caribe\u201d \u00a0 Fecha: 24-25 de septiembre del 2020. Lugar: Yaracuy, Venezuela. P\u00e1gina web: https:\/\/antropologiasdelsuryarac uy.online\/ MODALIDAD VIRTUAL Segunda Circular Justificaci\u00f3n de la tem\u00e1tica central Yaracuy, situado al noroeste\u2026","rel":"","context":"Entrada similar","block_context":{"text":"Entrada similar","link":""},"img":{"alt_text":"","src":"https:\/\/i0.wp.com\/antropologiasdelsur.org\/wp-content\/uploads\/2020\/09\/AFICHE-CAPITULO-YARACUY-2-1-300x226.jpg?resize=350%2C200","width":350,"height":200,"srcset":"https:\/\/i0.wp.com\/antropologiasdelsur.org\/wp-content\/uploads\/2020\/09\/AFICHE-CAPITULO-YARACUY-2-1-300x226.jpg?resize=350%2C200 1x, https:\/\/i0.wp.com\/antropologiasdelsur.org\/wp-content\/uploads\/2020\/09\/AFICHE-CAPITULO-YARACUY-2-1-300x226.jpg?resize=525%2C300 1.5x"},"classes":[]}],"_links":{"self":[{"href":"https:\/\/antropologiasdelsur.org\/index.php?rest_route=\/wp\/v2\/pages\/78","targetHints":{"allow":["GET"]}}],"collection":[{"href":"https:\/\/antropologiasdelsur.org\/index.php?rest_route=\/wp\/v2\/pages"}],"about":[{"href":"https:\/\/antropologiasdelsur.org\/index.php?rest_route=\/wp\/v2\/types\/page"}],"author":[{"embeddable":true,"href":"https:\/\/antropologiasdelsur.org\/index.php?rest_route=\/wp\/v2\/users\/1"}],"replies":[{"embeddable":true,"href":"https:\/\/antropologiasdelsur.org\/index.php?rest_route=%2Fwp%2Fv2%2Fcomments&post=78"}],"version-history":[{"count":104,"href":"https:\/\/antropologiasdelsur.org\/index.php?rest_route=\/wp\/v2\/pages\/78\/revisions"}],"predecessor-version":[{"id":2368,"href":"https:\/\/antropologiasdelsur.org\/index.php?rest_route=\/wp\/v2\/pages\/78\/revisions\/2368"}],"wp:attachment":[{"href":"https:\/\/antropologiasdelsur.org\/index.php?rest_route=%2Fwp%2Fv2%2Fmedia&parent=78"}],"curies":[{"name":"wp","href":"https:\/\/api.w.org\/{rel}","templated":true}]}}